{"id":21214,"date":"2024-05-13T13:43:49","date_gmt":"2024-05-13T13:43:49","guid":{"rendered":"https:\/\/igrejadocastelo.pt\/?page_id=21214"},"modified":"2025-12-09T17:39:34","modified_gmt":"2025-12-09T17:39:34","slug":"bilhetes","status":"publish","type":"page","link":"https:\/\/igrejadocastelo.pt\/en\/bilhetes\/","title":{"rendered":"Tickets"},"content":{"rendered":"<div data-elementor-type=\"wp-page\" data-elementor-id=\"21214\" class=\"elementor elementor-21214\">\n\t\t\t\t\t\t<section class=\"elementor-section elementor-top-section elementor-element elementor-element-3998277 elementor-section-stretched elementor-section-boxed elementor-section-height-default elementor-section-height-default\" data-id=\"3998277\" data-element_type=\"section\" data-e-type=\"section\" data-settings=\"{&quot;stretch_section&quot;:&quot;section-stretched&quot;}\">\n\t\t\t\t\t\t<div class=\"elementor-container elementor-column-gap-default\">\n\t\t\t\t\t<div class=\"elementor-column elementor-col-100 elementor-top-column elementor-element elementor-element-656c434 ps-lg-1\" data-id=\"656c434\" data-element_type=\"column\" data-e-type=\"column\">\n\t\t\t<div class=\"elementor-widget-wrap elementor-element-populated\">\n\t\t\t\t\t\t<div class=\"elementor-element elementor-element-e802dc0 elementor-widget elementor-widget-zegensectiontitle\" data-id=\"e802dc0\" data-element_type=\"widget\" data-e-type=\"widget\" data-widget_type=\"zegensectiontitle.default\">\n\t\t\t\t<div class=\"elementor-widget-container\">\n\t\t\t\t\t<div class=\"section-title-wrapper margin-bottom-20\"><div class=\"title-wrap\"><h2 class=\"section-title\">Check ticket prices<\/h2><\/div><!-- .title-wrap --><div class=\"section-description\"><\/div><!-- .section-description --><\/div><!-- .section-title-wrapper -->\t\t\t\t<\/div>\n\t\t\t\t<\/div>\n\t\t\t\t\t<\/div>\n\t\t<\/div>\n\t\t\t\t\t<\/div>\n\t\t<\/section>\n\t\t\t\t<section class=\"elementor-section elementor-top-section elementor-element elementor-element-85bde7f elementor-section-stretched elementor-section-boxed elementor-section-height-default elementor-section-height-default\" data-id=\"85bde7f\" data-element_type=\"section\" data-e-type=\"section\" data-settings=\"{&quot;background_background&quot;:&quot;classic&quot;,&quot;stretch_section&quot;:&quot;section-stretched&quot;}\">\n\t\t\t\t\t\t\t<div class=\"elementor-background-overlay\"><\/div>\n\t\t\t\t\t\t\t<div class=\"elementor-container elementor-column-gap-default\">\n\t\t\t\t\t<div class=\"elementor-column elementor-col-50 elementor-top-column elementor-element elementor-element-681c281\" data-id=\"681c281\" data-element_type=\"column\" data-e-type=\"column\">\n\t\t\t<div class=\"elementor-widget-wrap elementor-element-populated\">\n\t\t\t\t\t\t<div class=\"elementor-element elementor-element-66f0be4 elementor-widget elementor-widget-zegenfeaturebox\" data-id=\"66f0be4\" data-element_type=\"widget\" data-e-type=\"widget\" data-settings=\"{&quot;_animation&quot;:&quot;none&quot;}\" data-widget_type=\"zegenfeaturebox.default\">\n\t\t\t\t<div class=\"elementor-widget-container feature-box-wrapper text-center feature-box-classic shortcode-rand-1 zegen-inline-css\" data-css=\"&quot;.shortcode-rand-1.feature-box-wrapper .feature-box-inner &gt; *:nth-child(1), .shortcode-rand-1.feature-box-wrapper &gt; .media &gt; .media-body &gt; *:nth-child(1) { margin-bottom: 10px; }.shortcode-rand-1.feature-box-wrapper .feature-box-inner &gt; *:nth-child(2), .shortcode-rand-1.feature-box-wrapper &gt; .media &gt; .media-body &gt; *:nth-child(2) { margin-bottom: 10px; }&quot;\">\r\n\t\t\t<div class=\"feature-box-inner\"><div class=\"feature-box-icon\"><span class=\"text-center icon-icon-light rounded-circle fbox-icon-middle ti-ticket\"><\/span><\/div><h5 class=\"feature-box-title\">6\u20ac General Admission<\/h5><div class=\"fbox-content\">Visit to the bell tower viewpoint + exhibitions + multimedia room + drink.<br>\nTo book tickets send an email to:<p><a href=\"mailto:info@igrejadocastelo.pt\">info@igrejadocastelo.pt<\/a><\/p><\/div><\/div>\t\t<\/div>\r\n\t\t\t\t<\/div>\n\t\t\t\t\t<\/div>\n\t\t<\/div>\n\t\t\t\t<div class=\"elementor-column elementor-col-50 elementor-top-column elementor-element elementor-element-50b36c1\" data-id=\"50b36c1\" data-element_type=\"column\" data-e-type=\"column\">\n\t\t\t<div class=\"elementor-widget-wrap elementor-element-populated\">\n\t\t\t\t\t\t<div class=\"elementor-element elementor-element-2978dae elementor-widget elementor-widget-zegenfeaturebox\" data-id=\"2978dae\" data-element_type=\"widget\" data-e-type=\"widget\" data-settings=\"{&quot;_animation&quot;:&quot;none&quot;}\" data-widget_type=\"zegenfeaturebox.default\">\n\t\t\t\t<div class=\"elementor-widget-container feature-box-wrapper text-center feature-box-classic shortcode-rand-2 zegen-inline-css\" data-css=\"&quot;.shortcode-rand-2.feature-box-wrapper .feature-box-inner &gt; *:nth-child(1), .shortcode-rand-2.feature-box-wrapper &gt; .media &gt; .media-body &gt; *:nth-child(1) { margin-bottom: 10px; }.shortcode-rand-2.feature-box-wrapper .feature-box-inner &gt; *:nth-child(2), .shortcode-rand-2.feature-box-wrapper &gt; .media &gt; .media-body &gt; *:nth-child(2) { margin-bottom: 10px; }&quot;\">\r\n\t\t\t<div class=\"feature-box-inner\"><div class=\"feature-box-icon\"><span class=\"text-center icon-icon-light rounded-circle fbox-icon-middle ti-ticket\"><\/span><\/div><h5 class=\"feature-box-title\">4\u20ac Children<\/h5><div class=\"fbox-content\">Visit to the bell tower viewpoint + exhibitions + multimedia room + drink.<br>\nTo book tickets send an email to:<p><a href=\"mailto:info@igrejadocastelo.pt\">info@igrejadocastelo.pt<\/a><\/p><\/div><\/div>\t\t<\/div>\r\n\t\t\t\t<\/div>\n\t\t\t\t\t<\/div>\n\t\t<\/div>\n\t\t\t\t\t<\/div>\n\t\t<\/section>\n\t\t\t\t<section class=\"elementor-section elementor-top-section elementor-element elementor-element-3cd2464 elementor-section-stretched elementor-section-boxed elementor-section-height-default elementor-section-height-default\" data-id=\"3cd2464\" data-element_type=\"section\" data-e-type=\"section\" data-settings=\"{&quot;background_background&quot;:&quot;classic&quot;,&quot;stretch_section&quot;:&quot;section-stretched&quot;}\">\n\t\t\t\t\t\t\t<div class=\"elementor-background-overlay\"><\/div>\n\t\t\t\t\t\t\t<div class=\"elementor-container elementor-column-gap-default\">\n\t\t\t\t\t<div class=\"elementor-column elementor-col-100 elementor-top-column elementor-element elementor-element-7e4b3e1\" data-id=\"7e4b3e1\" data-element_type=\"column\" data-e-type=\"column\">\n\t\t\t<div class=\"elementor-widget-wrap elementor-element-populated\">\n\t\t\t\t\t\t<div class=\"elementor-element elementor-element-2b89915 elementor-widget elementor-widget-zegenfeaturebox\" data-id=\"2b89915\" data-element_type=\"widget\" data-e-type=\"widget\" data-settings=\"{&quot;_animation&quot;:&quot;none&quot;}\" data-widget_type=\"zegenfeaturebox.default\">\n\t\t\t\t<div class=\"elementor-widget-container feature-box-wrapper text-center feature-box-classic shortcode-rand-3 zegen-inline-css\" data-css=\"&quot;.shortcode-rand-3.feature-box-wrapper .feature-box-inner &gt; *:nth-child(1), .shortcode-rand-3.feature-box-wrapper &gt; .media &gt; .media-body &gt; *:nth-child(1) { margin-bottom: 10px; }.shortcode-rand-3.feature-box-wrapper .feature-box-inner &gt; *:nth-child(2), .shortcode-rand-3.feature-box-wrapper &gt; .media &gt; .media-body &gt; *:nth-child(2) { margin-bottom: 10px; }&quot;\">\r\n\t\t\t<div class=\"feature-box-inner\"><div class=\"feature-box-icon\"><span class=\"text-center icon-icon-light rounded-circle fbox-icon-middle ti-ticket\"><\/span><\/div><h5 class=\"feature-box-title\">General Admission+Santa Cruz Beer<\/h5><div class=\"fbox-content\">1 adult - 10\u20ac <br>\n2 adults - 20\u20ac <br>\n\nIncludes visit to the viewpoint + exhibitions + multimedia room <br>\nBottled beer to take away and not to consume on site<br>\nNo alcoholic drinks are served to people under 18<\/div><\/div>\t\t<\/div>\r\n\t\t\t\t<\/div>\n\t\t\t\t\t<\/div>\n\t\t<\/div>\n\t\t\t\t\t<\/div>\n\t\t<\/section>\n\t\t<div class=\"elementor-element elementor-element-84435a1 e-flex e-con-boxed e-con e-parent\" data-id=\"84435a1\" data-element_type=\"container\" data-e-type=\"container\">\n\t\t\t\t\t<div class=\"e-con-inner\">\n\t\t\t\t<div class=\"elementor-element elementor-element-e29d6a5 elementor-widget elementor-widget-spacer\" data-id=\"e29d6a5\" data-element_type=\"widget\" data-e-type=\"widget\" data-widget_type=\"spacer.default\">\n\t\t\t\t<div class=\"elementor-widget-container\">\n\t\t\t\t\t\t\t<div class=\"elementor-spacer\">\n\t\t\t<div class=\"elementor-spacer-inner\"><\/div>\n\t\t<\/div>\n\t\t\t\t\t\t<\/div>\n\t\t\t\t<\/div>\n\t\t\t\t\t<\/div>\n\t\t\t\t<\/div>\n\t\t\t\t<\/div>","protected":false},"excerpt":{"rendered":"<p>Consulte o pre\u00e7o dos bilhetes 6\u20ac Bilhete Adulto Visita ao miradouro da torre sineira + exposi\u00e7\u00f5es + sala multim\u00e9dia + bebida de oferta. Para reserva de bilhetes envie email para: info@igrejadocastelo.pt 4\u20ac Bilhete Crian\u00e7a Visita ao miradouro da torre sineira + exposi\u00e7\u00f5es + sala multim\u00e9dia + bebida de oferta. Para reserva de bilhetes envie email<\/p>","protected":false},"author":1,"featured_media":0,"parent":0,"menu_order":0,"comment_status":"closed","ping_status":"closed","template":"","meta":{"footnotes":""},"class_list":["post-21214","page","type-page","status-publish","hentry"],"_links":{"self":[{"href":"https:\/\/igrejadocastelo.pt\/en\/wp-json\/wp\/v2\/pages\/21214","targetHints":{"allow":["GET"]}}],"collection":[{"href":"https:\/\/igrejadocastelo.pt\/en\/wp-json\/wp\/v2\/pages"}],"about":[{"href":"https:\/\/igrejadocastelo.pt\/en\/wp-json\/wp\/v2\/types\/page"}],"author":[{"embeddable":true,"href":"https:\/\/igrejadocastelo.pt\/en\/wp-json\/wp\/v2\/users\/1"}],"replies":[{"embeddable":true,"href":"https:\/\/igrejadocastelo.pt\/en\/wp-json\/wp\/v2\/comments?post=21214"}],"version-history":[{"count":39,"href":"https:\/\/igrejadocastelo.pt\/en\/wp-json\/wp\/v2\/pages\/21214\/revisions"}],"predecessor-version":[{"id":22954,"href":"https:\/\/igrejadocastelo.pt\/en\/wp-json\/wp\/v2\/pages\/21214\/revisions\/22954"}],"wp:attachment":[{"href":"https:\/\/igrejadocastelo.pt\/en\/wp-json\/wp\/v2\/media?parent=21214"}],"curies":[{"name":"wp","href":"https:\/\/api.w.org\/{rel}","templated":true}]}}