{"id":21156,"date":"2024-05-13T11:47:45","date_gmt":"2024-05-13T11:47:45","guid":{"rendered":"https:\/\/igrejadocastelo.pt\/?page_id=21156"},"modified":"2024-06-03T07:53:28","modified_gmt":"2024-06-03T07:53:28","slug":"ha-vida-no-bairro","status":"publish","type":"page","link":"https:\/\/igrejadocastelo.pt\/en\/ha-vida-no-bairro\/","title":{"rendered":"There's life in the neighbourhood"},"content":{"rendered":"<div data-elementor-type=\"wp-page\" data-elementor-id=\"21156\" class=\"elementor elementor-21156\">\n\t\t\t\t\t\t<section class=\"elementor-section elementor-top-section elementor-element elementor-element-a13f6ee elementor-section-stretched elementor-section-boxed elementor-section-height-default elementor-section-height-default\" data-id=\"a13f6ee\" data-element_type=\"section\" data-e-type=\"section\" data-settings=\"{&quot;stretch_section&quot;:&quot;section-stretched&quot;}\">\n\t\t\t\t\t\t<div class=\"elementor-container elementor-column-gap-default\">\n\t\t\t\t\t<div class=\"elementor-column elementor-col-50 elementor-top-column elementor-element elementor-element-71f3186 ps-lg-1\" data-id=\"71f3186\" data-element_type=\"column\" data-e-type=\"column\">\n\t\t\t<div class=\"elementor-widget-wrap elementor-element-populated\">\n\t\t\t\t\t\t<div class=\"elementor-element elementor-element-43251aa elementor-widget elementor-widget-zegensectiontitle\" data-id=\"43251aa\" data-element_type=\"widget\" data-e-type=\"widget\" data-widget_type=\"zegensectiontitle.default\">\n\t\t\t\t<div class=\"elementor-widget-container\">\n\t\t\t\t\t<div class=\"section-title-wrapper margin-bottom-20\"><div class=\"title-wrap\"><h2 class=\"section-title\">Interpretive tours through the Castelo neighbourhood<\/h2><\/div><!-- .title-wrap --><div class=\"section-description\">Torre da Igreja offers interpretive tours, by appointment, around the Castelo\nneighbourhood, with themed routes that take you through emblematic streets and shops\nand unveil the secrets of one of Lisbon's most historical areas. <\/div><!-- .section-description --><\/div><!-- .section-title-wrapper -->\t\t\t\t<\/div>\n\t\t\t\t<\/div>\n\t\t\t\t\t<\/div>\n\t\t<\/div>\n\t\t\t\t<div class=\"elementor-column elementor-col-50 elementor-top-column elementor-element elementor-element-1c0a793\" data-id=\"1c0a793\" data-element_type=\"column\" data-e-type=\"column\">\n\t\t\t<div class=\"elementor-widget-wrap elementor-element-populated\">\n\t\t\t\t\t\t<div class=\"elementor-element elementor-element-4b7084a elementor-widget elementor-widget-image\" data-id=\"4b7084a\" data-element_type=\"widget\" data-e-type=\"widget\" data-widget_type=\"image.default\">\n\t\t\t\t<div class=\"elementor-widget-container\">\n\t\t\t\t\t\t\t\t\t\t\t\t\t\t\t<img decoding=\"async\" src=\"https:\/\/igrejadocastelo.pt\/wp-content\/uploads\/elementor\/thumbs\/1-3-qo5bzzv2hfyqdjtxbaj7lkx8jbslwdvvbx7mfeq0pc.jpg\" title=\"1\" alt=\"1\" loading=\"lazy\" \/>\t\t\t\t\t\t\t\t\t\t\t\t\t\t\t<\/div>\n\t\t\t\t<\/div>\n\t\t\t\t\t<\/div>\n\t\t<\/div>\n\t\t\t\t\t<\/div>\n\t\t<\/section>\n\t\t\t\t<section class=\"elementor-section elementor-top-section elementor-element elementor-element-65b55ca elementor-section-stretched elementor-section-boxed elementor-section-height-default elementor-section-height-default\" data-id=\"65b55ca\" data-element_type=\"section\" data-e-type=\"section\" data-settings=\"{&quot;stretch_section&quot;:&quot;section-stretched&quot;}\">\n\t\t\t\t\t\t<div class=\"elementor-container elementor-column-gap-default\">\n\t\t\t\t\t<div class=\"elementor-column elementor-col-100 elementor-top-column elementor-element elementor-element-7fb7a34 ps-lg-1\" data-id=\"7fb7a34\" data-element_type=\"column\" data-e-type=\"column\">\n\t\t\t<div class=\"elementor-widget-wrap elementor-element-populated\">\n\t\t\t\t\t\t<div class=\"elementor-element elementor-element-c56dcd7 elementor-widget elementor-widget-zegensectiontitle\" data-id=\"c56dcd7\" data-element_type=\"widget\" data-e-type=\"widget\" data-widget_type=\"zegensectiontitle.default\">\n\t\t\t\t<div class=\"elementor-widget-container\">\n\t\t\t\t\t<div class=\"section-title-wrapper margin-bottom-20\"><div class=\"title-wrap\"><h2 class=\"section-title\">For more information, please fill in the following form:<\/h2><\/div><!-- .title-wrap --><div class=\"section-description\"><\/div><!-- .section-description --><\/div><!-- .section-title-wrapper -->\t\t\t\t<\/div>\n\t\t\t\t<\/div>\n\t\t\t\t\t<\/div>\n\t\t<\/div>\n\t\t\t\t\t<\/div>\n\t\t<\/section>\n\t\t\t\t<section class=\"elementor-section elementor-top-section elementor-element elementor-element-a56d9dd elementor-section-boxed elementor-section-height-default elementor-section-height-default\" data-id=\"a56d9dd\" data-element_type=\"section\" data-e-type=\"section\">\n\t\t\t\t\t\t<div class=\"elementor-container elementor-column-gap-default\">\n\t\t\t\t\t<div class=\"elementor-column elementor-col-50 elementor-top-column elementor-element elementor-element-f923e4d\" data-id=\"f923e4d\" data-element_type=\"column\" data-e-type=\"column\">\n\t\t\t<div class=\"elementor-widget-wrap elementor-element-populated\">\n\t\t\t\t\t\t<div class=\"elementor-element elementor-element-f95ec70 elementor-widget elementor-widget-contactform\" data-id=\"f95ec70\" data-element_type=\"widget\" data-e-type=\"widget\" data-widget_type=\"contactform.default\">\n\t\t\t\t<div class=\"elementor-widget-container\">\n\t\t\t\t\t<div class=\"contact-form-wrapper cf-default\"><div class=\"contact-form\">\n<div class=\"wpcf7 no-js\" id=\"wpcf7-f6358-o1\" lang=\"en-US\" dir=\"ltr\" data-wpcf7-id=\"6358\">\n<div class=\"screen-reader-response\"><p role=\"status\" aria-live=\"polite\" aria-atomic=\"true\"><\/p> <ul><\/ul><\/div>\n<form action=\"\/en\/wp-json\/wp\/v2\/pages\/21156#wpcf7-f6358-o1\" method=\"post\" class=\"wpcf7-form init\" aria-label=\"Contact form\" novalidate=\"novalidate\" data-status=\"init\" data-trp-original-action=\"\/en\/wp-json\/wp\/v2\/pages\/21156#wpcf7-f6358-o1\">\n<fieldset class=\"hidden-fields-container\"><input type=\"hidden\" name=\"_wpcf7\" value=\"6358\" \/><input type=\"hidden\" name=\"_wpcf7_version\" value=\"6.1.5\" \/><input type=\"hidden\" name=\"_wpcf7_locale\" value=\"en_US\" \/><input type=\"hidden\" name=\"_wpcf7_unit_tag\" value=\"wpcf7-f6358-o1\" \/><input type=\"hidden\" name=\"_wpcf7_container_post\" value=\"0\" \/><input type=\"hidden\" name=\"_wpcf7_posted_data_hash\" value=\"\" \/>\n<\/fieldset>\n<div class=\"row\">\n\t<div class=\"col-md-12\">\n\t\t<p><span class=\"wpcf7-form-control-wrap\" data-name=\"your-name\"><input size=\"40\" maxlength=\"400\" class=\"wpcf7-form-control wpcf7-text wpcf7-validates-as-required\" aria-required=\"true\" aria-invalid=\"false\" placeholder=\"Nome\" value=\"\" type=\"text\" name=\"your-name\" \/><\/span><br \/>\n<span class=\"wpcf7-form-control-wrap\" data-name=\"your-email\"><input size=\"40\" maxlength=\"400\" class=\"wpcf7-form-control wpcf7-email wpcf7-validates-as-required wpcf7-text wpcf7-validates-as-email\" aria-required=\"true\" aria-invalid=\"false\" placeholder=\"Email\" value=\"\" type=\"email\" name=\"your-email\" \/><\/span><br \/>\n<span class=\"wpcf7-form-control-wrap\" data-name=\"phone\"><input size=\"40\" maxlength=\"400\" class=\"wpcf7-form-control wpcf7-tel wpcf7-text wpcf7-validates-as-tel\" aria-invalid=\"false\" placeholder=\"Telem\u00f3vel\" value=\"\" type=\"tel\" name=\"phone\" \/><\/span>\n\t\t<\/p>\n\t<\/div>\n<\/div>\n<div class=\"row\">\n\t<div class=\"col-md-12\">\n\t\t<p><span class=\"wpcf7-form-control-wrap\" data-name=\"your-message\"><textarea cols=\"40\" rows=\"10\" maxlength=\"2000\" class=\"wpcf7-form-control wpcf7-textarea\" aria-invalid=\"false\" placeholder=\"A sua mensagem\" name=\"your-message\"><\/textarea><\/span>\n\t\t<\/p>\n\t<\/div>\n\t<div class=\"col-md-12\">\n\t\t<p><input class=\"wpcf7-form-control wpcf7-submit has-spinner\" type=\"submit\" value=\"Enviar\" \/>\n\t\t<\/p>\n\t<\/div>\n<\/div><div class=\"wpcf7-response-output\" aria-hidden=\"true\"><\/div>\n<input type=\"hidden\" name=\"trp-form-language\" value=\"en\"\/><\/form>\n<\/div>\n<\/div><!-- .contact-form --><\/div><!-- .contact-form-wrapper -->\t\t\t\t<\/div>\n\t\t\t\t<\/div>\n\t\t\t\t\t<\/div>\n\t\t<\/div>\n\t\t\t\t<div class=\"elementor-column elementor-col-50 elementor-top-column elementor-element elementor-element-b2ac3a6\" data-id=\"b2ac3a6\" data-element_type=\"column\" data-e-type=\"column\">\n\t\t\t<div class=\"elementor-widget-wrap elementor-element-populated\">\n\t\t\t\t\t\t<div class=\"elementor-element elementor-element-ad240ea elementor-widget elementor-widget-image\" data-id=\"ad240ea\" data-element_type=\"widget\" data-e-type=\"widget\" data-widget_type=\"image.default\">\n\t\t\t\t<div class=\"elementor-widget-container\">\n\t\t\t\t\t\t\t\t\t\t\t\t\t\t\t<img fetchpriority=\"high\" decoding=\"async\" width=\"768\" height=\"888\" src=\"https:\/\/igrejadocastelo.pt\/wp-content\/uploads\/2019\/11\/contact-bg-5-1-1.jpg\" class=\"attachment-full size-full wp-image-5705\" alt=\"\" \/>\t\t\t\t\t\t\t\t\t\t\t\t\t\t\t<\/div>\n\t\t\t\t<\/div>\n\t\t\t\t\t<\/div>\n\t\t<\/div>\n\t\t\t\t\t<\/div>\n\t\t<\/section>\n\t\t\t\t<section class=\"elementor-section elementor-top-section elementor-element elementor-element-d9b49ff elementor-section-stretched elementor-section-boxed elementor-section-height-default elementor-section-height-default\" data-id=\"d9b49ff\" data-element_type=\"section\" data-e-type=\"section\" data-settings=\"{&quot;stretch_section&quot;:&quot;section-stretched&quot;}\">\n\t\t\t\t\t\t<div class=\"elementor-container elementor-column-gap-default\">\n\t\t\t\t\t<div class=\"elementor-column elementor-col-100 elementor-top-column elementor-element elementor-element-0bb9b7c ps-lg-1\" data-id=\"0bb9b7c\" data-element_type=\"column\" data-e-type=\"column\">\n\t\t\t<div class=\"elementor-widget-wrap elementor-element-populated\">\n\t\t\t\t\t\t<div class=\"elementor-element elementor-element-4c67a64 elementor-widget elementor-widget-zegensectiontitle\" data-id=\"4c67a64\" data-element_type=\"widget\" data-e-type=\"widget\" data-widget_type=\"zegensectiontitle.default\">\n\t\t\t\t<div class=\"elementor-widget-container\">\n\t\t\t\t\t<div class=\"section-title-wrapper margin-bottom-20\"><div class=\"title-wrap\"><h2 class=\"section-title\">Our gallery<\/h2><\/div><!-- .title-wrap --><div class=\"section-description\"><\/div><!-- .section-description --><\/div><!-- .section-title-wrapper -->\t\t\t\t<\/div>\n\t\t\t\t<\/div>\n\t\t\t\t\t<\/div>\n\t\t<\/div>\n\t\t\t\t\t<\/div>\n\t\t<\/section>\n\t\t\t\t<section class=\"elementor-section elementor-top-section elementor-element elementor-element-4e3a0af elementor-section-content-middle elementor-section-stretched elementor-section-boxed elementor-section-height-default elementor-section-height-default\" data-id=\"4e3a0af\" data-element_type=\"section\" data-e-type=\"section\" data-settings=\"{&quot;stretch_section&quot;:&quot;section-stretched&quot;}\">\n\t\t\t\t\t\t<div class=\"elementor-container elementor-column-gap-default\">\n\t\t\t\t\t<div class=\"elementor-column elementor-col-100 elementor-top-column elementor-element elementor-element-898f8ac\" data-id=\"898f8ac\" data-element_type=\"column\" data-e-type=\"column\">\n\t\t\t<div class=\"elementor-widget-wrap elementor-element-populated\">\n\t\t\t\t\t\t<div class=\"elementor-element elementor-element-bd22cc9 elementor-widget elementor-widget-image-gallery\" data-id=\"bd22cc9\" data-element_type=\"widget\" data-e-type=\"widget\" data-widget_type=\"image-gallery.default\">\n\t\t\t\t<div class=\"elementor-widget-container\">\n\t\t\t\t\t\t\t<div class=\"elementor-image-gallery\">\n\t\t\t<div id='gallery-1' class='gallery galleryid-21156 gallery-columns-2 gallery-size-large'><figure class='gallery-item'>\n\t\t\t<div class='gallery-icon landscape'>\n\t\t\t\t<a data-elementor-open-lightbox=\"yes\" data-elementor-lightbox-slideshow=\"bd22cc9\" data-elementor-lightbox-title=\"2\" data-e-action-hash=\"#elementor-action%3Aaction%3Dlightbox%26settings%3DeyJpZCI6MjE1MzksInVybCI6Imh0dHBzOlwvXC9pZ3JlamFkb2Nhc3RlbG8ucHRcL3dwLWNvbnRlbnRcL3VwbG9hZHNcLzIwMjRcLzA1XC8yLTMuanBnIiwic2xpZGVzaG93IjoiYmQyMmNjOSJ9\" href='https:\/\/igrejadocastelo.pt\/wp-content\/uploads\/2024\/05\/2-3.jpg'><img decoding=\"async\" width=\"940\" height=\"694\" src=\"https:\/\/igrejadocastelo.pt\/wp-content\/uploads\/2024\/05\/2-3-940x694.jpg\" class=\"attachment-large size-large\" alt=\"\" \/><\/a>\n\t\t\t<\/div><\/figure><figure class='gallery-item'>\n\t\t\t<div class='gallery-icon landscape'>\n\t\t\t\t<a data-elementor-open-lightbox=\"yes\" data-elementor-lightbox-slideshow=\"bd22cc9\" data-elementor-lightbox-title=\"4\" data-e-action-hash=\"#elementor-action%3Aaction%3Dlightbox%26settings%3DeyJpZCI6MjE1NDMsInVybCI6Imh0dHBzOlwvXC9pZ3JlamFkb2Nhc3RlbG8ucHRcL3dwLWNvbnRlbnRcL3VwbG9hZHNcLzIwMjRcLzA1XC80LTIuanBnIiwic2xpZGVzaG93IjoiYmQyMmNjOSJ9\" href='https:\/\/igrejadocastelo.pt\/wp-content\/uploads\/2024\/05\/4-2.jpg'><img decoding=\"async\" width=\"940\" height=\"694\" src=\"https:\/\/igrejadocastelo.pt\/wp-content\/uploads\/2024\/05\/4-2-940x694.jpg\" class=\"attachment-large size-large\" alt=\"\" \/><\/a>\n\t\t\t<\/div><\/figure>\n\t\t<\/div>\n\t\t<\/div>\n\t\t\t\t\t\t<\/div>\n\t\t\t\t<\/div>\n\t\t\t\t\t<\/div>\n\t\t<\/div>\n\t\t\t\t\t<\/div>\n\t\t<\/section>\n\t\t<div class=\"elementor-element elementor-element-7851907 e-flex e-con-boxed e-con e-parent\" data-id=\"7851907\" data-element_type=\"container\" data-e-type=\"container\">\n\t\t\t\t\t<div class=\"e-con-inner\">\n\t\t\t\t<div class=\"elementor-element elementor-element-bc66011 elementor-widget elementor-widget-spacer\" data-id=\"bc66011\" data-element_type=\"widget\" data-e-type=\"widget\" data-widget_type=\"spacer.default\">\n\t\t\t\t<div class=\"elementor-widget-container\">\n\t\t\t\t\t\t\t<div class=\"elementor-spacer\">\n\t\t\t<div class=\"elementor-spacer-inner\"><\/div>\n\t\t<\/div>\n\t\t\t\t\t\t<\/div>\n\t\t\t\t<\/div>\n\t\t\t\t\t<\/div>\n\t\t\t\t<\/div>\n\t\t\t\t<\/div>","protected":false},"excerpt":{"rendered":"<p>Visitas interpretativas pelo bairro do Castelo Sob marca\u00e7\u00e3o pr\u00e9via, a Torre da Igreja proporciona visitas interpretativas pelo bairro do Castelo, com percursos tem\u00e1ticos que percorrem ruas e lojas emblem\u00e1ticas e desvendam os segredos de uma das zonas mais hist\u00f3ricas da cidade de Lisboa. Para mais informa\u00e7\u00f5es, preencha o seguinte formul\u00e1rio: A nossa galeria<\/p>","protected":false},"author":1,"featured_media":0,"parent":0,"menu_order":0,"comment_status":"closed","ping_status":"closed","template":"","meta":{"footnotes":""},"class_list":["post-21156","page","type-page","status-publish","hentry"],"_links":{"self":[{"href":"https:\/\/igrejadocastelo.pt\/en\/wp-json\/wp\/v2\/pages\/21156","targetHints":{"allow":["GET"]}}],"collection":[{"href":"https:\/\/igrejadocastelo.pt\/en\/wp-json\/wp\/v2\/pages"}],"about":[{"href":"https:\/\/igrejadocastelo.pt\/en\/wp-json\/wp\/v2\/types\/page"}],"author":[{"embeddable":true,"href":"https:\/\/igrejadocastelo.pt\/en\/wp-json\/wp\/v2\/users\/1"}],"replies":[{"embeddable":true,"href":"https:\/\/igrejadocastelo.pt\/en\/wp-json\/wp\/v2\/comments?post=21156"}],"version-history":[{"count":45,"href":"https:\/\/igrejadocastelo.pt\/en\/wp-json\/wp\/v2\/pages\/21156\/revisions"}],"predecessor-version":[{"id":21790,"href":"https:\/\/igrejadocastelo.pt\/en\/wp-json\/wp\/v2\/pages\/21156\/revisions\/21790"}],"wp:attachment":[{"href":"https:\/\/igrejadocastelo.pt\/en\/wp-json\/wp\/v2\/media?parent=21156"}],"curies":[{"name":"wp","href":"https:\/\/api.w.org\/{rel}","templated":true}]}}