{"id":21147,"date":"2024-05-13T11:36:13","date_gmt":"2024-05-13T11:36:13","guid":{"rendered":"https:\/\/igrejadocastelo.pt\/?page_id=21147"},"modified":"2025-06-17T14:14:39","modified_gmt":"2025-06-17T14:14:39","slug":"experiencias","status":"publish","type":"page","link":"https:\/\/igrejadocastelo.pt\/en\/experiencias\/","title":{"rendered":"Experiences"},"content":{"rendered":"<div data-elementor-type=\"wp-page\" data-elementor-id=\"21147\" class=\"elementor elementor-21147\">\n\t\t\t\t\t\t<section class=\"elementor-section elementor-top-section elementor-element elementor-element-5065efd elementor-section-stretched elementor-section-boxed elementor-section-height-default elementor-section-height-default\" data-id=\"5065efd\" data-element_type=\"section\" data-e-type=\"section\" data-settings=\"{&quot;stretch_section&quot;:&quot;section-stretched&quot;}\">\n\t\t\t\t\t\t<div class=\"elementor-container elementor-column-gap-default\">\n\t\t\t\t\t<div class=\"elementor-column elementor-col-50 elementor-top-column elementor-element elementor-element-902493c ps-lg-1\" data-id=\"902493c\" data-element_type=\"column\" data-e-type=\"column\">\n\t\t\t<div class=\"elementor-widget-wrap elementor-element-populated\">\n\t\t\t\t\t\t<div class=\"elementor-element elementor-element-bc4aad8 elementor-widget elementor-widget-zegensectiontitle\" data-id=\"bc4aad8\" data-element_type=\"widget\" data-e-type=\"widget\" data-widget_type=\"zegensectiontitle.default\">\n\t\t\t\t<div class=\"elementor-widget-container\">\n\t\t\t\t\t<div class=\"section-title-wrapper margin-bottom-20\"><div class=\"title-wrap\"><span class=\"sub-title\">VIEWPOINT<\/span><h2 class=\"section-title\">See Lisbon from the heights<\/h2><\/div><!-- .title-wrap --><div class=\"section-description\">Visiting the Castelo Church Tower viewpoint, one of the highest in Old Lisbon, is an\nunmissable experience for anyone arriving in Lisbon's Castelo neighbourhood. You are\nonly 50 steps away from embracing Lisbon and the Tagus River from the heights.\u00a0\u00a0<\/div><!-- .section-description --><\/div><!-- .section-title-wrapper -->\t\t\t\t<\/div>\n\t\t\t\t<\/div>\n\t\t\t\t\t<\/div>\n\t\t<\/div>\n\t\t\t\t<div class=\"elementor-column elementor-col-50 elementor-top-column elementor-element elementor-element-198b15f\" data-id=\"198b15f\" data-element_type=\"column\" data-e-type=\"column\">\n\t\t\t<div class=\"elementor-widget-wrap elementor-element-populated\">\n\t\t\t\t\t\t<div class=\"elementor-element elementor-element-491d8b2 elementor-widget elementor-widget-image\" data-id=\"491d8b2\" data-element_type=\"widget\" data-e-type=\"widget\" data-widget_type=\"image.default\">\n\t\t\t\t<div class=\"elementor-widget-container\">\n\t\t\t\t\t\t\t\t\t\t\t\t\t\t\t<img decoding=\"async\" src=\"https:\/\/igrejadocastelo.pt\/wp-content\/uploads\/elementor\/thumbs\/Foto-principal-Miradouro-qo579jsn6ylhxm26rfhi4tr5pdrzxja5ekrcip4le4.png\" title=\"Foto principal Miradouro\" alt=\"Foto principal Miradouro\" loading=\"lazy\" \/>\t\t\t\t\t\t\t\t\t\t\t\t\t\t\t<\/div>\n\t\t\t\t<\/div>\n\t\t\t\t\t<\/div>\n\t\t<\/div>\n\t\t\t\t\t<\/div>\n\t\t<\/section>\n\t\t\t\t<section class=\"elementor-section elementor-top-section elementor-element elementor-element-6dfa198 elementor-section-content-middle elementor-section-stretched elementor-section-boxed elementor-section-height-default elementor-section-height-default\" data-id=\"6dfa198\" data-element_type=\"section\" data-e-type=\"section\" data-settings=\"{&quot;stretch_section&quot;:&quot;section-stretched&quot;}\">\n\t\t\t\t\t\t<div class=\"elementor-container elementor-column-gap-default\">\n\t\t\t\t\t<div class=\"elementor-column elementor-col-100 elementor-top-column elementor-element elementor-element-bd44818 ps-lg-1\" data-id=\"bd44818\" data-element_type=\"column\" data-e-type=\"column\">\n\t\t\t<div class=\"elementor-widget-wrap elementor-element-populated\">\n\t\t\t\t\t\t<div class=\"elementor-element elementor-element-12dc2fc elementor-widget elementor-widget-accordion\" data-id=\"12dc2fc\" data-element_type=\"widget\" data-e-type=\"widget\" data-widget_type=\"accordion.default\">\n\t\t\t\t<div class=\"elementor-widget-container\">\n\t\t\t\t\t\t\t<div class=\"elementor-accordion\">\n\t\t\t\t\t\t\t<div class=\"elementor-accordion-item\">\n\t\t\t\t\t<div id=\"elementor-tab-title-1971\" class=\"elementor-tab-title\" data-tab=\"1\" role=\"button\" aria-controls=\"elementor-tab-content-1971\" aria-expanded=\"false\">\n\t\t\t\t\t\t\t\t\t\t\t\t\t<span class=\"elementor-accordion-icon elementor-accordion-icon-left\" aria-hidden=\"true\">\n\t\t\t\t\t\t\t\t\t\t\t\t\t\t\t<span class=\"elementor-accordion-icon-closed\"><svg class=\"e-font-icon-svg e-fas-plus\" viewbox=\"0 0 448 512\" xmlns=\"http:\/\/www.w3.org\/2000\/svg\"><path d=\"M416 208H272V64c0-17.67-14.33-32-32-32h-32c-17.67 0-32 14.33-32 32v144H32c-17.67 0-32 14.33-32 32v32c0 17.67 14.33 32 32 32h144v144c0 17.67 14.33 32 32 32h32c17.67 0 32-14.33 32-32V304h144c17.67 0 32-14.33 32-32v-32c0-17.67-14.33-32-32-32z\"><\/path><\/svg><\/span>\n\t\t\t\t\t\t\t\t<span class=\"elementor-accordion-icon-opened\"><svg class=\"e-font-icon-svg e-fas-minus\" viewbox=\"0 0 448 512\" xmlns=\"http:\/\/www.w3.org\/2000\/svg\"><path d=\"M416 208H32c-17.67 0-32 14.33-32 32v32c0 17.67 14.33 32 32 32h384c17.67 0 32-14.33 32-32v-32c0-17.67-14.33-32-32-32z\"><\/path><\/svg><\/span>\n\t\t\t\t\t\t\t\t\t\t\t\t\t\t<\/span>\n\t\t\t\t\t\t\t\t\t\t\t\t<a class=\"elementor-accordion-title\" tabindex=\"0\">Exhibitions <\/a>\n\t\t\t\t\t<\/div>\n\t\t\t\t\t<div id=\"elementor-tab-content-1971\" class=\"elementor-tab-content elementor-clearfix\" data-tab=\"1\" role=\"region\" aria-labelledby=\"elementor-tab-title-1971\"><p><span data-contrast=\"none\">On the upper floor of the Church of Santa Cruz do Castelo, the High Choir and a long corridor serve as a stage for temporary art exhibitions, usually featuring sacred art.\u00a0<\/span><span data-ccp-props=\"{&quot;134233117&quot;:false,&quot;134233118&quot;:false,&quot;335551550&quot;:6,&quot;335551620&quot;:6,&quot;335557856&quot;:16777215,&quot;335559738&quot;:0,&quot;335559739&quot;:0}\">\u00a0<\/span><\/p><p>Until December 2025, the photography exhibition \u201cAmor Causa\u201d is on display, portraying the Beatitudes through the lens of french photographer Fran\u00e7ois Rousseau. The exhibition marks the 20th anniversary of the book \u2018Amor Causa\u2019, an artistic commission from Renova to Fran\u00e7ois Rousseau, inspired by Christ's teachings to the 12 Apostles (Mt 5:5-7).<\/p><p>Curated by Father Jo\u00e3o Norton, sj, the exhibition aims to raise funds for the preservation of the cultural and religious heritage of the Church of Santa Cruz do Castelo.<\/p><p>The photographic work was carried out in the slums of Rio de Janeiro, where Fran\u00e7ois Rousseau discovered the person who represented Christ and the 12 citizens who take on the role of Apostles, not using models or artificial backdrops, choosing to photograph real people, people with lives, sometimes on the periphery, marked by hardship and raw beauty.<\/p><\/div>\n\t\t\t\t<\/div>\n\t\t\t\t\t\t\t\t<\/div>\n\t\t\t\t\t\t<\/div>\n\t\t\t\t<\/div>\n\t\t\t\t\t<\/div>\n\t\t<\/div>\n\t\t\t\t\t<\/div>\n\t\t<\/section>\n\t\t\t\t<section class=\"elementor-section elementor-top-section elementor-element elementor-element-fc2ecd3 elementor-section-stretched elementor-section-boxed elementor-section-height-default elementor-section-height-default\" data-id=\"fc2ecd3\" data-element_type=\"section\" data-e-type=\"section\" data-settings=\"{&quot;stretch_section&quot;:&quot;section-stretched&quot;}\">\n\t\t\t\t\t\t<div class=\"elementor-container elementor-column-gap-default\">\n\t\t\t\t\t<div class=\"elementor-column elementor-col-100 elementor-top-column elementor-element elementor-element-20561e1 ps-lg-1\" data-id=\"20561e1\" data-element_type=\"column\" data-e-type=\"column\">\n\t\t\t<div class=\"elementor-widget-wrap elementor-element-populated\">\n\t\t\t\t\t\t<div class=\"elementor-element elementor-element-c8fd821 elementor-widget elementor-widget-zegensectiontitle\" data-id=\"c8fd821\" data-element_type=\"widget\" data-e-type=\"widget\" data-widget_type=\"zegensectiontitle.default\">\n\t\t\t\t<div class=\"elementor-widget-container\">\n\t\t\t\t\t<div class=\"section-title-wrapper margin-bottom-20\"><div class=\"title-wrap\"><h2 class=\"section-title\">Our gallery<\/h2><\/div><!-- .title-wrap --><div class=\"section-description\"><\/div><!-- .section-description --><\/div><!-- .section-title-wrapper -->\t\t\t\t<\/div>\n\t\t\t\t<\/div>\n\t\t\t\t\t<\/div>\n\t\t<\/div>\n\t\t\t\t\t<\/div>\n\t\t<\/section>\n\t\t\t\t<section class=\"elementor-section elementor-top-section elementor-element elementor-element-980105c elementor-section-content-middle elementor-section-stretched elementor-section-boxed elementor-section-height-default elementor-section-height-default\" data-id=\"980105c\" data-element_type=\"section\" data-e-type=\"section\" data-settings=\"{&quot;stretch_section&quot;:&quot;section-stretched&quot;}\">\n\t\t\t\t\t\t<div class=\"elementor-container elementor-column-gap-default\">\n\t\t\t\t\t<div class=\"elementor-column elementor-col-100 elementor-top-column elementor-element elementor-element-2ca96db\" data-id=\"2ca96db\" data-element_type=\"column\" data-e-type=\"column\">\n\t\t\t<div class=\"elementor-widget-wrap elementor-element-populated\">\n\t\t\t\t\t\t<div class=\"elementor-element elementor-element-37c120f elementor-widget elementor-widget-image-gallery\" data-id=\"37c120f\" data-element_type=\"widget\" data-e-type=\"widget\" data-widget_type=\"image-gallery.default\">\n\t\t\t\t<div class=\"elementor-widget-container\">\n\t\t\t\t\t\t\t<div class=\"elementor-image-gallery\">\n\t\t\t<div id='gallery-1' class='gallery galleryid-21147 gallery-columns-2 gallery-size-large'><figure class='gallery-item'>\n\t\t\t<div class='gallery-icon landscape'>\n\t\t\t\t<a data-elementor-open-lightbox=\"yes\" data-elementor-lightbox-slideshow=\"37c120f\" data-elementor-lightbox-title=\"7\" data-e-action-hash=\"#elementor-action%3Aaction%3Dlightbox%26settings%3DeyJpZCI6MjEzODMsInVybCI6Imh0dHBzOlwvXC9pZ3JlamFkb2Nhc3RlbG8ucHRcL3dwLWNvbnRlbnRcL3VwbG9hZHNcLzIwMjRcLzA1XC83LmpwZyIsInNsaWRlc2hvdyI6IjM3YzEyMGYifQ%3D%3D\" href='https:\/\/igrejadocastelo.pt\/wp-content\/uploads\/2024\/05\/7.jpg'><img fetchpriority=\"high\" decoding=\"async\" width=\"940\" height=\"694\" src=\"https:\/\/igrejadocastelo.pt\/wp-content\/uploads\/2024\/05\/7-940x694.jpg\" class=\"attachment-large size-large\" alt=\"\" \/><\/a>\n\t\t\t<\/div><\/figure><figure class='gallery-item'>\n\t\t\t<div class='gallery-icon landscape'>\n\t\t\t\t<a data-elementor-open-lightbox=\"yes\" data-elementor-lightbox-slideshow=\"37c120f\" data-elementor-lightbox-title=\"1\" data-e-action-hash=\"#elementor-action%3Aaction%3Dlightbox%26settings%3DeyJpZCI6MjEzNjQsInVybCI6Imh0dHBzOlwvXC9pZ3JlamFkb2Nhc3RlbG8ucHRcL3dwLWNvbnRlbnRcL3VwbG9hZHNcLzIwMjRcLzA1XC8xLTEuanBnIiwic2xpZGVzaG93IjoiMzdjMTIwZiJ9\" href='https:\/\/igrejadocastelo.pt\/wp-content\/uploads\/2024\/05\/1-1.jpg'><img decoding=\"async\" width=\"940\" height=\"694\" src=\"https:\/\/igrejadocastelo.pt\/wp-content\/uploads\/2024\/05\/1-1-940x694.jpg\" class=\"attachment-large size-large\" alt=\"\" \/><\/a>\n\t\t\t<\/div><\/figure><figure class='gallery-item'>\n\t\t\t<div class='gallery-icon landscape'>\n\t\t\t\t<a data-elementor-open-lightbox=\"yes\" data-elementor-lightbox-slideshow=\"37c120f\" data-elementor-lightbox-title=\"Galeria Site da Torre (940x788) (1)\" data-e-action-hash=\"#elementor-action%3Aaction%3Dlightbox%26settings%3DeyJpZCI6MjIwMTIsInVybCI6Imh0dHBzOlwvXC9pZ3JlamFkb2Nhc3RlbG8ucHRcL3dwLWNvbnRlbnRcL3VwbG9hZHNcLzIwMjRcLzExXC9HYWxlcmlhLVNpdGUtZGEtVG9ycmUtOTQweDc4OC0xLmpwZyIsInNsaWRlc2hvdyI6IjM3YzEyMGYifQ%3D%3D\" href='https:\/\/igrejadocastelo.pt\/wp-content\/uploads\/2024\/11\/Galeria-Site-da-Torre-940x788-1.jpg'><img decoding=\"async\" width=\"940\" height=\"694\" src=\"https:\/\/igrejadocastelo.pt\/wp-content\/uploads\/2024\/11\/Galeria-Site-da-Torre-940x788-1-940x694.jpg\" class=\"attachment-large size-large\" alt=\"\" \/><\/a>\n\t\t\t<\/div><\/figure><figure class='gallery-item'>\n\t\t\t<div class='gallery-icon landscape'>\n\t\t\t\t<a data-elementor-open-lightbox=\"yes\" data-elementor-lightbox-slideshow=\"37c120f\" data-elementor-lightbox-title=\"5\" data-e-action-hash=\"#elementor-action%3Aaction%3Dlightbox%26settings%3DeyJpZCI6MjEzNjgsInVybCI6Imh0dHBzOlwvXC9pZ3JlamFkb2Nhc3RlbG8ucHRcL3dwLWNvbnRlbnRcL3VwbG9hZHNcLzIwMjRcLzA1XC81LmpwZyIsInNsaWRlc2hvdyI6IjM3YzEyMGYifQ%3D%3D\" href='https:\/\/igrejadocastelo.pt\/wp-content\/uploads\/2024\/05\/5.jpg'><img loading=\"lazy\" decoding=\"async\" width=\"940\" height=\"694\" src=\"https:\/\/igrejadocastelo.pt\/wp-content\/uploads\/2024\/05\/5-940x694.jpg\" class=\"attachment-large size-large\" alt=\"\" \/><\/a>\n\t\t\t<\/div><\/figure><figure class='gallery-item'>\n\t\t\t<div class='gallery-icon landscape'>\n\t\t\t\t<a data-elementor-open-lightbox=\"yes\" data-elementor-lightbox-slideshow=\"37c120f\" data-elementor-lightbox-title=\"2\" data-e-action-hash=\"#elementor-action%3Aaction%3Dlightbox%26settings%3DeyJpZCI6MjEzNjUsInVybCI6Imh0dHBzOlwvXC9pZ3JlamFkb2Nhc3RlbG8ucHRcL3dwLWNvbnRlbnRcL3VwbG9hZHNcLzIwMjRcLzA1XC8yLTEuanBnIiwic2xpZGVzaG93IjoiMzdjMTIwZiJ9\" href='https:\/\/igrejadocastelo.pt\/wp-content\/uploads\/2024\/05\/2-1.jpg'><img loading=\"lazy\" decoding=\"async\" width=\"940\" height=\"694\" src=\"https:\/\/igrejadocastelo.pt\/wp-content\/uploads\/2024\/05\/2-1-940x694.jpg\" class=\"attachment-large size-large\" alt=\"\" \/><\/a>\n\t\t\t<\/div><\/figure><figure class='gallery-item'>\n\t\t\t<div class='gallery-icon landscape'>\n\t\t\t\t<a data-elementor-open-lightbox=\"yes\" data-elementor-lightbox-slideshow=\"37c120f\" data-elementor-lightbox-title=\"4\" data-e-action-hash=\"#elementor-action%3Aaction%3Dlightbox%26settings%3DeyJpZCI6MjEzNjcsInVybCI6Imh0dHBzOlwvXC9pZ3JlamFkb2Nhc3RlbG8ucHRcL3dwLWNvbnRlbnRcL3VwbG9hZHNcLzIwMjRcLzA1XC80LTEuanBnIiwic2xpZGVzaG93IjoiMzdjMTIwZiJ9\" href='https:\/\/igrejadocastelo.pt\/wp-content\/uploads\/2024\/05\/4-1.jpg'><img loading=\"lazy\" decoding=\"async\" width=\"940\" height=\"694\" src=\"https:\/\/igrejadocastelo.pt\/wp-content\/uploads\/2024\/05\/4-1-940x694.jpg\" class=\"attachment-large size-large\" alt=\"\" \/><\/a>\n\t\t\t<\/div><\/figure><figure class='gallery-item'>\n\t\t\t<div class='gallery-icon landscape'>\n\t\t\t\t<a data-elementor-open-lightbox=\"yes\" data-elementor-lightbox-slideshow=\"37c120f\" data-elementor-lightbox-title=\"Galeria Site da Torre (940x788)\" data-e-action-hash=\"#elementor-action%3Aaction%3Dlightbox%26settings%3DeyJpZCI6MjIwMTMsInVybCI6Imh0dHBzOlwvXC9pZ3JlamFkb2Nhc3RlbG8ucHRcL3dwLWNvbnRlbnRcL3VwbG9hZHNcLzIwMjRcLzExXC9HYWxlcmlhLVNpdGUtZGEtVG9ycmUtOTQweDc4OC0yLmpwZyIsInNsaWRlc2hvdyI6IjM3YzEyMGYifQ%3D%3D\" href='https:\/\/igrejadocastelo.pt\/wp-content\/uploads\/2024\/11\/Galeria-Site-da-Torre-940x788-2.jpg'><img loading=\"lazy\" decoding=\"async\" width=\"940\" height=\"694\" src=\"https:\/\/igrejadocastelo.pt\/wp-content\/uploads\/2024\/11\/Galeria-Site-da-Torre-940x788-2-940x694.jpg\" class=\"attachment-large size-large\" alt=\"\" \/><\/a>\n\t\t\t<\/div><\/figure><figure class='gallery-item'>\n\t\t\t<div class='gallery-icon landscape'>\n\t\t\t\t<a data-elementor-open-lightbox=\"yes\" data-elementor-lightbox-slideshow=\"37c120f\" data-elementor-lightbox-title=\"Amor Causa padre edgar\" data-e-action-hash=\"#elementor-action%3Aaction%3Dlightbox%26settings%3DeyJpZCI6MjI2MTgsInVybCI6Imh0dHBzOlwvXC9pZ3JlamFkb2Nhc3RlbG8ucHRcL3dwLWNvbnRlbnRcL3VwbG9hZHNcLzIwMjVcLzA2XC9BbW9yLUNhdXNhLXBhZHJlLWVkZ2FyLmpwZyIsInNsaWRlc2hvdyI6IjM3YzEyMGYifQ%3D%3D\" href='https:\/\/igrejadocastelo.pt\/wp-content\/uploads\/2025\/06\/Amor-Causa-padre-edgar.jpg'><img loading=\"lazy\" decoding=\"async\" width=\"940\" height=\"694\" src=\"https:\/\/igrejadocastelo.pt\/wp-content\/uploads\/2025\/06\/Amor-Causa-padre-edgar-940x694.jpg\" class=\"attachment-large size-large\" alt=\"\" \/><\/a>\n\t\t\t<\/div><\/figure>\n\t\t<\/div>\n\t\t<\/div>\n\t\t\t\t\t\t<\/div>\n\t\t\t\t<\/div>\n\t\t\t\t\t<\/div>\n\t\t<\/div>\n\t\t\t\t\t<\/div>\n\t\t<\/section>\n\t\t<div class=\"elementor-element elementor-element-6565b73 e-flex e-con-boxed e-con e-parent\" data-id=\"6565b73\" data-element_type=\"container\" data-e-type=\"container\">\n\t\t\t\t\t<div class=\"e-con-inner\">\n\t\t\t\t<div class=\"elementor-element elementor-element-2cfc2a1 elementor-widget elementor-widget-spacer\" data-id=\"2cfc2a1\" data-element_type=\"widget\" data-e-type=\"widget\" data-widget_type=\"spacer.default\">\n\t\t\t\t<div class=\"elementor-widget-container\">\n\t\t\t\t\t\t\t<div class=\"elementor-spacer\">\n\t\t\t<div class=\"elementor-spacer-inner\"><\/div>\n\t\t<\/div>\n\t\t\t\t\t\t<\/div>\n\t\t\t\t<\/div>\n\t\t\t\t\t<\/div>\n\t\t\t\t<\/div>\n\t\t\t\t<\/div>","protected":false},"excerpt":{"rendered":"<p>MIRADOURO Veja Lisboa a partir das alturas Aceder ao miradouro da Torre da Igreja do Castelo, um dos mais altos da Lisboa Antiga, \u00e9 uma experi\u00eancia imperd\u00edvel para quem chega ao bairro do Castelo, em Lisboa. S\u00e3o apenas 50 degraus para abra\u00e7ar Lisboa e o rio Tejo, a partir das alturas.\u00a0\u00a0 Exposi\u00e7\u00f5es No piso superior<\/p>","protected":false},"author":1,"featured_media":0,"parent":0,"menu_order":0,"comment_status":"closed","ping_status":"closed","template":"","meta":{"footnotes":""},"class_list":["post-21147","page","type-page","status-publish","hentry"],"_links":{"self":[{"href":"https:\/\/igrejadocastelo.pt\/en\/wp-json\/wp\/v2\/pages\/21147","targetHints":{"allow":["GET"]}}],"collection":[{"href":"https:\/\/igrejadocastelo.pt\/en\/wp-json\/wp\/v2\/pages"}],"about":[{"href":"https:\/\/igrejadocastelo.pt\/en\/wp-json\/wp\/v2\/types\/page"}],"author":[{"embeddable":true,"href":"https:\/\/igrejadocastelo.pt\/en\/wp-json\/wp\/v2\/users\/1"}],"replies":[{"embeddable":true,"href":"https:\/\/igrejadocastelo.pt\/en\/wp-json\/wp\/v2\/comments?post=21147"}],"version-history":[{"count":57,"href":"https:\/\/igrejadocastelo.pt\/en\/wp-json\/wp\/v2\/pages\/21147\/revisions"}],"predecessor-version":[{"id":22621,"href":"https:\/\/igrejadocastelo.pt\/en\/wp-json\/wp\/v2\/pages\/21147\/revisions\/22621"}],"wp:attachment":[{"href":"https:\/\/igrejadocastelo.pt\/en\/wp-json\/wp\/v2\/media?parent=21147"}],"curies":[{"name":"wp","href":"https:\/\/api.w.org\/{rel}","templated":true}]}}