{"id":21128,"date":"2024-05-13T11:28:31","date_gmt":"2024-05-13T11:28:31","guid":{"rendered":"https:\/\/igrejadocastelo.pt\/?page_id=21128"},"modified":"2024-05-14T14:05:03","modified_gmt":"2024-05-14T14:05:03","slug":"introducao","status":"publish","type":"page","link":"https:\/\/igrejadocastelo.pt\/en\/introducao\/","title":{"rendered":"Intro"},"content":{"rendered":"<div data-elementor-type=\"wp-page\" data-elementor-id=\"21128\" class=\"elementor elementor-21128\">\n\t\t\t\t\t\t<section class=\"elementor-section elementor-top-section elementor-element elementor-element-5065efd elementor-section-content-middle elementor-section-stretched elementor-section-boxed elementor-section-height-default elementor-section-height-default\" data-id=\"5065efd\" data-element_type=\"section\" data-e-type=\"section\" data-settings=\"{&quot;stretch_section&quot;:&quot;section-stretched&quot;}\">\n\t\t\t\t\t\t<div class=\"elementor-container elementor-column-gap-default\">\n\t\t\t\t\t<div class=\"elementor-column elementor-col-50 elementor-top-column elementor-element elementor-element-198b15f\" data-id=\"198b15f\" data-element_type=\"column\" data-e-type=\"column\">\n\t\t\t<div class=\"elementor-widget-wrap elementor-element-populated\">\n\t\t\t\t\t\t<div class=\"elementor-element elementor-element-491d8b2 elementor-widget elementor-widget-image\" data-id=\"491d8b2\" data-element_type=\"widget\" data-e-type=\"widget\" data-widget_type=\"image.default\">\n\t\t\t\t<div class=\"elementor-widget-container\">\n\t\t\t\t\t\t\t\t\t\t\t\t\t\t\t<img decoding=\"async\" src=\"https:\/\/igrejadocastelo.pt\/wp-content\/uploads\/elementor\/thumbs\/IMG_0657-scaled-qo56rk5ue40cvrjmnc8p8mrldiklsst1r90dxg4a34.jpg\" title=\"IMG_0657\" alt=\"IMG_0657\" loading=\"lazy\" \/>\t\t\t\t\t\t\t\t\t\t\t\t\t\t\t<\/div>\n\t\t\t\t<\/div>\n\t\t\t\t\t<\/div>\n\t\t<\/div>\n\t\t\t\t<div class=\"elementor-column elementor-col-50 elementor-top-column elementor-element elementor-element-902493c ps-lg-5\" data-id=\"902493c\" data-element_type=\"column\" data-e-type=\"column\">\n\t\t\t<div class=\"elementor-widget-wrap elementor-element-populated\">\n\t\t\t\t\t\t<div class=\"elementor-element elementor-element-bc4aad8 elementor-widget elementor-widget-zegensectiontitle\" data-id=\"bc4aad8\" data-element_type=\"widget\" data-e-type=\"widget\" data-widget_type=\"zegensectiontitle.default\">\n\t\t\t\t<div class=\"elementor-widget-container\">\n\t\t\t\t\t<div class=\"section-title-wrapper margin-bottom-20\"><div class=\"title-wrap\"><h2 class=\"section-title\">One of the highest viewpoints of the old Lisbon<\/h2><\/div><!-- .title-wrap --><div class=\"section-description\">The bell tower of the Church of Santa Cruz do Castelo, one of the highest viewpoints in\nthe old Lisbon, was rebuilt after the 1755 earthquake and offers one of the best views\nover the capital and the Tagus River. But, for several years, this space was closed and\nforgotten, having suffered an accelerated process of degradation, both in terms of its\nbuilding and its artistic contents. As a result of the initiative of Father Edgar Clara and\nSigninum, the cultural heritage management company responsible for the project at the\ntime - the tourist activity is currently managed by Wonderful Day, a company in the\nDASigninum group - on 7th June 2018 the doors of the Castelo Church Tower viewpoint\nwere once again opened, from where you can reach mythical places such as S\u00e3o Vicente\nde Fora, Alfama, the Gra\u00e7a Church and its terrace, Senhora do Monte and the Vasco da\nGama bridge. The entrance is through the old mortuary chapel, where you'll find the\nticket office and a shop selling souvenirs and convent sweets. With your visit, you are\ncontributing to the safeguarding and valorisation of this heritage.  <\/div><!-- .section-description --><\/div><!-- .section-title-wrapper -->\t\t\t\t<\/div>\n\t\t\t\t<\/div>\n\t\t\t\t\t<\/div>\n\t\t<\/div>\n\t\t\t\t\t<\/div>\n\t\t<\/section>\n\t\t<div class=\"elementor-element elementor-element-6565b73 e-flex e-con-boxed e-con e-parent\" data-id=\"6565b73\" data-element_type=\"container\" data-e-type=\"container\">\n\t\t\t\t\t<div class=\"e-con-inner\">\n\t\t\t\t<div class=\"elementor-element elementor-element-2cfc2a1 elementor-widget elementor-widget-spacer\" data-id=\"2cfc2a1\" data-element_type=\"widget\" data-e-type=\"widget\" data-widget_type=\"spacer.default\">\n\t\t\t\t<div class=\"elementor-widget-container\">\n\t\t\t\t\t\t\t<div class=\"elementor-spacer\">\n\t\t\t<div class=\"elementor-spacer-inner\"><\/div>\n\t\t<\/div>\n\t\t\t\t\t\t<\/div>\n\t\t\t\t<\/div>\n\t\t\t\t\t<\/div>\n\t\t\t\t<\/div>\n\t\t\t\t<\/div>","protected":false},"excerpt":{"rendered":"<p>Um dos pontos mais altos da Lisboa antiga A torre sineira da Igreja de Santa Cruz do Castelo, um dos pontos mais altos da Lisboa antiga, foi reconstru\u00edda ap\u00f3s o terramoto de 1755 e oferece uma das melhores vistas sobre a capital e o rio Tejo. Mas, ao longo de v\u00e1rios anos, este espa\u00e7o esteve<\/p>","protected":false},"author":1,"featured_media":0,"parent":0,"menu_order":0,"comment_status":"closed","ping_status":"closed","template":"","meta":{"footnotes":""},"class_list":["post-21128","page","type-page","status-publish","hentry"],"_links":{"self":[{"href":"https:\/\/igrejadocastelo.pt\/en\/wp-json\/wp\/v2\/pages\/21128","targetHints":{"allow":["GET"]}}],"collection":[{"href":"https:\/\/igrejadocastelo.pt\/en\/wp-json\/wp\/v2\/pages"}],"about":[{"href":"https:\/\/igrejadocastelo.pt\/en\/wp-json\/wp\/v2\/types\/page"}],"author":[{"embeddable":true,"href":"https:\/\/igrejadocastelo.pt\/en\/wp-json\/wp\/v2\/users\/1"}],"replies":[{"embeddable":true,"href":"https:\/\/igrejadocastelo.pt\/en\/wp-json\/wp\/v2\/comments?post=21128"}],"version-history":[{"count":24,"href":"https:\/\/igrejadocastelo.pt\/en\/wp-json\/wp\/v2\/pages\/21128\/revisions"}],"predecessor-version":[{"id":21607,"href":"https:\/\/igrejadocastelo.pt\/en\/wp-json\/wp\/v2\/pages\/21128\/revisions\/21607"}],"wp:attachment":[{"href":"https:\/\/igrejadocastelo.pt\/en\/wp-json\/wp\/v2\/media?parent=21128"}],"curies":[{"name":"wp","href":"https:\/\/api.w.org\/{rel}","templated":true}]}}