{"id":21124,"date":"2024-05-13T11:21:59","date_gmt":"2024-05-13T11:21:59","guid":{"rendered":"https:\/\/igrejadocastelo.pt\/?page_id=21124"},"modified":"2024-06-04T14:28:06","modified_gmt":"2024-06-04T14:28:06","slug":"historia","status":"publish","type":"page","link":"https:\/\/igrejadocastelo.pt\/en\/historia\/","title":{"rendered":"History"},"content":{"rendered":"<div data-elementor-type=\"wp-page\" data-elementor-id=\"21124\" class=\"elementor elementor-21124\">\n\t\t\t\t\t\t<section class=\"elementor-section elementor-top-section elementor-element elementor-element-5065efd elementor-section-content-middle elementor-section-stretched elementor-section-boxed elementor-section-height-default elementor-section-height-default\" data-id=\"5065efd\" data-element_type=\"section\" data-e-type=\"section\" data-settings=\"{&quot;stretch_section&quot;:&quot;section-stretched&quot;}\">\n\t\t\t\t\t\t<div class=\"elementor-container elementor-column-gap-default\">\n\t\t\t\t\t<div class=\"elementor-column elementor-col-50 elementor-top-column elementor-element elementor-element-198b15f\" data-id=\"198b15f\" data-element_type=\"column\" data-e-type=\"column\">\n\t\t\t<div class=\"elementor-widget-wrap elementor-element-populated\">\n\t\t\t\t\t\t<div class=\"elementor-element elementor-element-491d8b2 elementor-widget elementor-widget-image\" data-id=\"491d8b2\" data-element_type=\"widget\" data-e-type=\"widget\" data-widget_type=\"image.default\">\n\t\t\t\t<div class=\"elementor-widget-container\">\n\t\t\t\t\t\t\t\t\t\t\t\t\t\t\t<img decoding=\"async\" src=\"https:\/\/igrejadocastelo.pt\/wp-content\/uploads\/elementor\/thumbs\/6-scaled-qo56lcg8lm5bh1ufkdt20xdqfr7xroh14b6tpaestc.jpg\" title=\"6\" alt=\"6\" loading=\"lazy\" \/>\t\t\t\t\t\t\t\t\t\t\t\t\t\t\t<\/div>\n\t\t\t\t<\/div>\n\t\t\t\t\t<\/div>\n\t\t<\/div>\n\t\t\t\t<div class=\"elementor-column elementor-col-50 elementor-top-column elementor-element elementor-element-902493c ps-lg-5\" data-id=\"902493c\" data-element_type=\"column\" data-e-type=\"column\">\n\t\t\t<div class=\"elementor-widget-wrap elementor-element-populated\">\n\t\t\t\t\t\t<div class=\"elementor-element elementor-element-bc4aad8 elementor-widget elementor-widget-zegensectiontitle\" data-id=\"bc4aad8\" data-element_type=\"widget\" data-e-type=\"widget\" data-widget_type=\"zegensectiontitle.default\">\n\t\t\t\t<div class=\"elementor-widget-container\">\n\t\t\t\t\t<div class=\"section-title-wrapper margin-bottom-20\"><div class=\"title-wrap\"><h2 class=\"section-title\">Church of Santa Cruz \u2013 Lisbon's birthplace<\/h2><\/div><!-- .title-wrap --><div class=\"section-description\">The Igreja Paroquial do Castelo, also known as the Church of Santa Cruz, is an 18th\ncentury building, occupying the site of the original temple built in the 12th century, where\nonce stood an old mosque. It has a considerable religious, artistic and cultural collection\nand holds the oldest parish registers in the city, with the first marriage record dating back\nto 26 of September 1536.\n<br>\n<br>\nAccording to tradition, it was a moorish mosque which, after the reconquest of Lisbon on\n25 October 1147, was purified and consecrated by the Archbishop of Braga, Jo\u00e3o\nPeculiar, and four other suffragan bishops. This consecration took place on the 1st of\nNovember of the same year, for the royal procession led by King Afonso Henriques to\nenter, along with a relic of the Holy Cross, which is now on permanent display inside the\nchurch. \n<br>\n<br>\nIt is a single-nave church with three chapels on each side and respective tribunes in\ndifferent artistic styles, namely Baroque, Pombaline and Neoclassical. It also has a bell\ntower that rests on the tower of the Alc\u00e1\u00e7ova wall of St George's Castle, which is now\nused as a tourist attraction through the \"Church Tower\" project. \n<br>\n<br>\nThe Parish Church of the Castle is linked to the cult of St George - dedicating an\naltarpiece to him - the saint who defeated the enemies of the faith, patron saint of the\nreconquest of the city of Lisbon who, it seems, came along with the English that helped\nin the battle against the moors.  \n<br>\n<br>\nAlthough not on public display, the church also has nine paintings by Domingos Ant\u00f3nio\nde Sequeira, a Portuguese painter from the second half of the 18th century, depicting\nmembers of the Carthusian Order in martyrdom.  <\/div><!-- .section-description --><\/div><!-- .section-title-wrapper -->\t\t\t\t<\/div>\n\t\t\t\t<\/div>\n\t\t\t\t\t<\/div>\n\t\t<\/div>\n\t\t\t\t\t<\/div>\n\t\t<\/section>\n\t\t\t\t<section class=\"elementor-section elementor-top-section elementor-element elementor-element-e295ba3 elementor-section-stretched elementor-section-boxed elementor-section-height-default elementor-section-height-default\" data-id=\"e295ba3\" data-element_type=\"section\" data-e-type=\"section\" data-settings=\"{&quot;stretch_section&quot;:&quot;section-stretched&quot;}\">\n\t\t\t\t\t\t<div class=\"elementor-container elementor-column-gap-default\">\n\t\t\t\t\t<div class=\"elementor-column elementor-col-100 elementor-top-column elementor-element elementor-element-b120bd0 ps-lg-1\" data-id=\"b120bd0\" data-element_type=\"column\" data-e-type=\"column\">\n\t\t\t<div class=\"elementor-widget-wrap elementor-element-populated\">\n\t\t\t\t\t\t<div class=\"elementor-element elementor-element-253d105 elementor-widget elementor-widget-zegensectiontitle\" data-id=\"253d105\" data-element_type=\"widget\" data-e-type=\"widget\" data-widget_type=\"zegensectiontitle.default\">\n\t\t\t\t<div class=\"elementor-widget-container\">\n\t\t\t\t\t<div class=\"section-title-wrapper margin-bottom-20\"><div class=\"title-wrap\"><h2 class=\"section-title\">Our gallery<\/h2><\/div><!-- .title-wrap --><div class=\"section-description\"><\/div><!-- .section-description --><\/div><!-- .section-title-wrapper -->\t\t\t\t<\/div>\n\t\t\t\t<\/div>\n\t\t\t\t\t<\/div>\n\t\t<\/div>\n\t\t\t\t\t<\/div>\n\t\t<\/section>\n\t\t\t\t<section class=\"elementor-section elementor-top-section elementor-element elementor-element-5aef4ee elementor-section-content-middle elementor-section-stretched elementor-section-boxed elementor-section-height-default elementor-section-height-default\" data-id=\"5aef4ee\" data-element_type=\"section\" data-e-type=\"section\" data-settings=\"{&quot;stretch_section&quot;:&quot;section-stretched&quot;}\">\n\t\t\t\t\t\t<div class=\"elementor-container elementor-column-gap-default\">\n\t\t\t\t\t<div class=\"elementor-column elementor-col-100 elementor-top-column elementor-element elementor-element-726b95d\" data-id=\"726b95d\" data-element_type=\"column\" data-e-type=\"column\">\n\t\t\t<div class=\"elementor-widget-wrap elementor-element-populated\">\n\t\t\t\t\t\t<div class=\"elementor-element elementor-element-6f08ca5 elementor-widget elementor-widget-image-gallery\" data-id=\"6f08ca5\" data-element_type=\"widget\" data-e-type=\"widget\" data-widget_type=\"image-gallery.default\">\n\t\t\t\t<div class=\"elementor-widget-container\">\n\t\t\t\t\t\t\t<div class=\"elementor-image-gallery\">\n\t\t\t<div id='gallery-1' class='gallery galleryid-21124 gallery-columns-2 gallery-size-large'><figure class='gallery-item'>\n\t\t\t<div class='gallery-icon landscape'>\n\t\t\t\t<a data-elementor-open-lightbox=\"yes\" data-elementor-lightbox-slideshow=\"6f08ca5\" data-elementor-lightbox-title=\"1\" data-e-action-hash=\"#elementor-action%3Aaction%3Dlightbox%26settings%3DeyJpZCI6MjEzNTAsInVybCI6Imh0dHBzOlwvXC9pZ3JlamFkb2Nhc3RlbG8ucHRcL3dwLWNvbnRlbnRcL3VwbG9hZHNcLzIwMjRcLzA1XC8xLmpwZyIsInNsaWRlc2hvdyI6IjZmMDhjYTUifQ%3D%3D\" href='https:\/\/igrejadocastelo.pt\/wp-content\/uploads\/2024\/05\/1.jpg'><img fetchpriority=\"high\" decoding=\"async\" width=\"940\" height=\"694\" src=\"https:\/\/igrejadocastelo.pt\/wp-content\/uploads\/2024\/05\/1-940x694.jpg\" class=\"attachment-large size-large\" alt=\"\" \/><\/a>\n\t\t\t<\/div><\/figure><figure class='gallery-item'>\n\t\t\t<div class='gallery-icon landscape'>\n\t\t\t\t<a data-elementor-open-lightbox=\"yes\" data-elementor-lightbox-slideshow=\"6f08ca5\" data-elementor-lightbox-title=\"2\" data-e-action-hash=\"#elementor-action%3Aaction%3Dlightbox%26settings%3DeyJpZCI6MjEzNTEsInVybCI6Imh0dHBzOlwvXC9pZ3JlamFkb2Nhc3RlbG8ucHRcL3dwLWNvbnRlbnRcL3VwbG9hZHNcLzIwMjRcLzA1XC8yLmpwZyIsInNsaWRlc2hvdyI6IjZmMDhjYTUifQ%3D%3D\" href='https:\/\/igrejadocastelo.pt\/wp-content\/uploads\/2024\/05\/2.jpg'><img decoding=\"async\" width=\"940\" height=\"694\" src=\"https:\/\/igrejadocastelo.pt\/wp-content\/uploads\/2024\/05\/2-940x694.jpg\" class=\"attachment-large size-large\" alt=\"\" \/><\/a>\n\t\t\t<\/div><\/figure><figure class='gallery-item'>\n\t\t\t<div class='gallery-icon landscape'>\n\t\t\t\t<a data-elementor-open-lightbox=\"yes\" data-elementor-lightbox-slideshow=\"6f08ca5\" data-elementor-lightbox-title=\"3\" data-e-action-hash=\"#elementor-action%3Aaction%3Dlightbox%26settings%3DeyJpZCI6MjEzNTIsInVybCI6Imh0dHBzOlwvXC9pZ3JlamFkb2Nhc3RlbG8ucHRcL3dwLWNvbnRlbnRcL3VwbG9hZHNcLzIwMjRcLzA1XC8zLmpwZyIsInNsaWRlc2hvdyI6IjZmMDhjYTUifQ%3D%3D\" href='https:\/\/igrejadocastelo.pt\/wp-content\/uploads\/2024\/05\/3.jpg'><img decoding=\"async\" width=\"940\" height=\"694\" src=\"https:\/\/igrejadocastelo.pt\/wp-content\/uploads\/2024\/05\/3-940x694.jpg\" class=\"attachment-large size-large\" alt=\"\" \/><\/a>\n\t\t\t<\/div><\/figure><figure class='gallery-item'>\n\t\t\t<div class='gallery-icon landscape'>\n\t\t\t\t<a data-elementor-open-lightbox=\"yes\" data-elementor-lightbox-slideshow=\"6f08ca5\" data-elementor-lightbox-title=\"4\" data-e-action-hash=\"#elementor-action%3Aaction%3Dlightbox%26settings%3DeyJpZCI6MjEzNTMsInVybCI6Imh0dHBzOlwvXC9pZ3JlamFkb2Nhc3RlbG8ucHRcL3dwLWNvbnRlbnRcL3VwbG9hZHNcLzIwMjRcLzA1XC80LmpwZyIsInNsaWRlc2hvdyI6IjZmMDhjYTUifQ%3D%3D\" href='https:\/\/igrejadocastelo.pt\/wp-content\/uploads\/2024\/05\/4.jpg'><img loading=\"lazy\" decoding=\"async\" width=\"940\" height=\"694\" src=\"https:\/\/igrejadocastelo.pt\/wp-content\/uploads\/2024\/05\/4-940x694.jpg\" class=\"attachment-large size-large\" alt=\"\" \/><\/a>\n\t\t\t<\/div><\/figure>\n\t\t<\/div>\n\t\t<\/div>\n\t\t\t\t\t\t<\/div>\n\t\t\t\t<\/div>\n\t\t\t\t\t<\/div>\n\t\t<\/div>\n\t\t\t\t\t<\/div>\n\t\t<\/section>\n\t\t<div class=\"elementor-element elementor-element-f3488b5 e-flex e-con-boxed e-con e-parent\" data-id=\"f3488b5\" data-element_type=\"container\" data-e-type=\"container\">\n\t\t\t\t\t<div class=\"e-con-inner\">\n\t\t\t\t<div class=\"elementor-element elementor-element-b1ad791 elementor-widget elementor-widget-spacer\" data-id=\"b1ad791\" data-element_type=\"widget\" data-e-type=\"widget\" data-widget_type=\"spacer.default\">\n\t\t\t\t<div class=\"elementor-widget-container\">\n\t\t\t\t\t\t\t<div class=\"elementor-spacer\">\n\t\t\t<div class=\"elementor-spacer-inner\"><\/div>\n\t\t<\/div>\n\t\t\t\t\t\t<\/div>\n\t\t\t\t<\/div>\n\t\t\t\t\t<\/div>\n\t\t\t\t<\/div>\n\t\t\t\t<\/div>","protected":false},"excerpt":{"rendered":"<p>Igreja de Santa Cruz &#8211; Aqui nasceu Lisboa A Igreja Paroquial do Castelo, tamb\u00e9m conhecida por Igreja de Santa Cruz, \u00e9 uma edifica\u00e7\u00e3o do s\u00e9culo XVIII, ocupando a implanta\u00e7\u00e3o do templo primitivo constru\u00eddo no s\u00e9culo XII, onde existiu uma antiga mesquita. Possui um consider\u00e1vel acervo religioso, art\u00edstico e cultural e \u00e9 detentora dos registos paroquiais<\/p>","protected":false},"author":1,"featured_media":0,"parent":0,"menu_order":0,"comment_status":"closed","ping_status":"closed","template":"","meta":{"footnotes":""},"class_list":["post-21124","page","type-page","status-publish","hentry"],"_links":{"self":[{"href":"https:\/\/igrejadocastelo.pt\/en\/wp-json\/wp\/v2\/pages\/21124","targetHints":{"allow":["GET"]}}],"collection":[{"href":"https:\/\/igrejadocastelo.pt\/en\/wp-json\/wp\/v2\/pages"}],"about":[{"href":"https:\/\/igrejadocastelo.pt\/en\/wp-json\/wp\/v2\/types\/page"}],"author":[{"embeddable":true,"href":"https:\/\/igrejadocastelo.pt\/en\/wp-json\/wp\/v2\/users\/1"}],"replies":[{"embeddable":true,"href":"https:\/\/igrejadocastelo.pt\/en\/wp-json\/wp\/v2\/comments?post=21124"}],"version-history":[{"count":36,"href":"https:\/\/igrejadocastelo.pt\/en\/wp-json\/wp\/v2\/pages\/21124\/revisions"}],"predecessor-version":[{"id":21840,"href":"https:\/\/igrejadocastelo.pt\/en\/wp-json\/wp\/v2\/pages\/21124\/revisions\/21840"}],"wp:attachment":[{"href":"https:\/\/igrejadocastelo.pt\/en\/wp-json\/wp\/v2\/media?parent=21124"}],"curies":[{"name":"wp","href":"https:\/\/api.w.org\/{rel}","templated":true}]}}