{"id":21,"date":"2019-10-16T09:28:19","date_gmt":"2019-10-16T09:28:19","guid":{"rendered":"https:\/\/elementor.zozothemes.com\/zegen\/?page_id=21"},"modified":"2025-05-19T15:23:44","modified_gmt":"2025-05-19T15:23:44","slug":"home","status":"publish","type":"page","link":"https:\/\/igrejadocastelo.pt\/en\/","title":{"rendered":"Home"},"content":{"rendered":"<div data-elementor-type=\"wp-page\" data-elementor-id=\"21\" class=\"elementor elementor-21\">\n\t\t\t\t\t\t<section class=\"elementor-section elementor-top-section elementor-element elementor-element-0edac08 elementor-section-boxed elementor-section-height-default elementor-section-height-default\" data-id=\"0edac08\" data-element_type=\"section\" data-e-type=\"section\" data-settings=\"{&quot;background_background&quot;:&quot;classic&quot;}\">\n\t\t\t\t\t\t\t<div class=\"elementor-background-overlay\"><\/div>\n\t\t\t\t\t\t\t<div class=\"elementor-container elementor-column-gap-default\">\n\t\t\t\t\t<div class=\"elementor-column elementor-col-100 elementor-top-column elementor-element elementor-element-2be0509\" data-id=\"2be0509\" data-element_type=\"column\" data-e-type=\"column\">\n\t\t\t<div class=\"elementor-widget-wrap elementor-element-populated\">\n\t\t\t\t\t\t<div class=\"elementor-element elementor-element-0918ab0 elementor-mobile-align-center elementor-widget-mobile__width-inherit elementor-hidden-desktop elementor-widget elementor-widget-button\" data-id=\"0918ab0\" data-element_type=\"widget\" data-e-type=\"widget\" data-widget_type=\"button.default\">\n\t\t\t\t<div class=\"elementor-widget-container\">\n\t\t\t\t\t\t\t\t\t<div class=\"elementor-button-wrapper\">\n\t\t\t\t\t<a class=\"elementor-button elementor-button-link elementor-size-sm\" href=\"https:\/\/igrejadocastelo.pt\/en\/apoie-nos\/\">\n\t\t\t\t\t\t<span class=\"elementor-button-content-wrapper\">\n\t\t\t\t\t\t\t\t\t<span class=\"elementor-button-text\">SUPPORT US<\/span>\n\t\t\t\t\t<\/span>\n\t\t\t\t\t<\/a>\n\t\t\t\t<\/div>\n\t\t\t\t\t\t\t\t<\/div>\n\t\t\t\t<\/div>\n\t\t\t\t\t<\/div>\n\t\t<\/div>\n\t\t\t\t\t<\/div>\n\t\t<\/section>\n\t\t\t\t<section class=\"elementor-section elementor-top-section elementor-element elementor-element-88ad840 elementor-section-boxed elementor-section-height-default elementor-section-height-default\" data-id=\"88ad840\" data-element_type=\"section\" data-e-type=\"section\" data-settings=\"{&quot;background_background&quot;:&quot;classic&quot;}\">\n\t\t\t\t\t\t\t<div class=\"elementor-background-overlay\"><\/div>\n\t\t\t\t\t\t\t<div class=\"elementor-container elementor-column-gap-default\">\n\t\t\t\t\t<div class=\"elementor-column elementor-col-100 elementor-top-column elementor-element elementor-element-330b8b0\" data-id=\"330b8b0\" data-element_type=\"column\" data-e-type=\"column\">\n\t\t\t<div class=\"elementor-widget-wrap elementor-element-populated\">\n\t\t\t\t\t\t<div class=\"elementor-element elementor-element-b15f0e1 elementor-invisible elementor-widget elementor-widget-zegensectiontitle\" data-id=\"b15f0e1\" data-element_type=\"widget\" data-e-type=\"widget\" data-settings=\"{&quot;_animation&quot;:&quot;fadeInUp&quot;}\" data-widget_type=\"zegensectiontitle.default\">\n\t\t\t\t<div class=\"elementor-widget-container\">\n\t\t\t\t\t<div class=\"section-title-wrapper custom-title-1 margin-bottom-0 text-center\"><div class=\"title-wrap\"><span class=\"sub-title\">MEDIA<\/span><h2 class=\"section-title\">News<\/h2><\/div><!-- .title-wrap --><div class=\"section-description\"><\/div><!-- .section-description --><\/div><!-- .section-title-wrapper -->\t\t\t\t<\/div>\n\t\t\t\t<\/div>\n\t\t\t\t\t<\/div>\n\t\t<\/div>\n\t\t\t\t\t<\/div>\n\t\t<\/section>\n\t\t\t\t<section class=\"elementor-section elementor-top-section elementor-element elementor-element-ba03afb elementor-section-boxed elementor-section-height-default elementor-section-height-default\" data-id=\"ba03afb\" data-element_type=\"section\" data-e-type=\"section\" data-settings=\"{&quot;background_background&quot;:&quot;classic&quot;}\">\n\t\t\t\t\t\t\t<div class=\"elementor-background-overlay\"><\/div>\n\t\t\t\t\t\t\t<div class=\"elementor-container elementor-column-gap-default\">\n\t\t\t\t\t<div class=\"elementor-column elementor-col-100 elementor-top-column elementor-element elementor-element-6e7db31\" data-id=\"6e7db31\" data-element_type=\"column\" data-e-type=\"column\">\n\t\t\t<div class=\"elementor-widget-wrap elementor-element-populated\">\n\t\t\t\t\t\t<div class=\"elementor-element elementor-element-feefd35 pt-lg-3 elementor-invisible elementor-widget elementor-widget-zegenblog\" data-id=\"feefd35\" data-element_type=\"widget\" data-e-type=\"widget\" data-settings=\"{&quot;_animation&quot;:&quot;fadeInUp&quot;}\" data-widget_type=\"zegenblog.default\">\n\t\t\t\t\r\n\t\t<div class=\"elementor-widget-container blog-wrapper blog-style-classic blog-light blog-slide-model shortcode-rand-1 zegen-inline-css\" data-css=\"&quot;.shortcode-rand-1.blog-wrapper .blog-inner &gt; *:nth-child(1) { margin-bottom: 0px; }.shortcode-rand-1.blog-wrapper .blog-inner &gt; *:nth-child(2) { margin-bottom: 0px; }.shortcode-rand-1.blog-wrapper .blog-inner &gt; *:nth-child(3) { margin-bottom: 0px; }&quot;\">\r\n\t\t\r\n\t\t\t<div class=\"owl-carousel\" data-loop=\"0\" data-margin=\"30\" data-center=\"0\" data-nav=\"0\" data-dots=\"1\" data-autoplay=\"0\" data-items=\"3\" data-items-tab=\"2\" data-items-mob=\"1\" data-duration=\"5000\" data-smartspeed=\"250\" data-scrollby=\"1\" data-autoheight=\"0\"><div class=\"owl-carousel-item\"><div class=\"blog-inner\"><div class=\"post-thumb\"><img fetchpriority=\"high\" decoding=\"async\" height=\"600\" width=\"768\" class=\"img-fluid\" alt=\"&#8220;Amor Causa d\u00e1 origem a uma exposi\u00e7\u00e3o na Igreja de Santa Cruz do Castelo&#8221;- R\u00e1dio Renascen\u00e7a\" src=\"https:\/\/igrejadocastelo.pt\/wp-content\/uploads\/2025\/06\/exposicao-amor-causa-torre.jpg\"\/><\/div><!-- .post-thumb --><div class=\"top-meta clearfix\"><ul class=\"nav top-meta-list meta-left\"><li><div class=\"post-date\"><a href=\"https:\/\/igrejadocastelo.pt\/en\/2025\/06\/06\/\" ><i class=\"ti-calendar\"><\/i> 06\/06\/2025<\/a><\/div><\/li><\/ul><\/div><div class=\"entry-title\"><h4 class=\"post-title-head\"><a href=\"https:\/\/igrejadocastelo.pt\/en\/amor-causa-da-origem-a-uma-exposicao-na-igreja-de-santa-cruz-do-castelo-radio-renascenca\/\" class=\"post-title\">&#8220;Amor Causa d\u00e1 origem a uma exposi\u00e7\u00e3o na Igreja de Santa Cruz do Castelo&#8221;- R\u00e1dio Renascen\u00e7a<\/a><\/h4><\/div><!-- .entry-title --><div class=\"post-excerpt\"><\/div><!-- .post-excerpt --><div class=\"bottom-meta clearfix\"><ul class=\"nav bottom-meta-list meta-left\"><li><div class=\"post-more\"><a class=\"read-more\" href=\"https:\/\/igrejadocastelo.pt\/en\/amor-causa-da-origem-a-uma-exposicao-na-igreja-de-santa-cruz-do-castelo-radio-renascenca\/\">Read more<\/a><\/div><\/li><\/ul><\/div><\/div><!-- .blog-inner --><\/div><!-- .col \/ .owl-carousel-item \/ .isotope --><div class=\"owl-carousel-item\"><div class=\"blog-inner\"><div class=\"post-thumb\"><img decoding=\"async\" height=\"600\" width=\"768\" class=\"img-fluid\" alt=\"&#8220;Exposi\u00e7\u00e3o Bem-aventuran\u00e7as de Fran\u00e7ois Rousseau na Torre da Igreja&#8221; &#8211; Estado Com Arte\" src=\"https:\/\/igrejadocastelo.pt\/wp-content\/uploads\/2025\/06\/amor-causa-estado-com-arte.jpg\"\/><\/div><!-- .post-thumb --><div class=\"top-meta clearfix\"><ul class=\"nav top-meta-list meta-left\"><li><div class=\"post-date\"><a href=\"https:\/\/igrejadocastelo.pt\/en\/2025\/05\/31\/\" ><i class=\"ti-calendar\"><\/i> 31\/05\/2025<\/a><\/div><\/li><\/ul><\/div><div class=\"entry-title\"><h4 class=\"post-title-head\"><a href=\"https:\/\/igrejadocastelo.pt\/en\/exposicao-bem-aventurancas-de-francois-rousseau-na-torre-da-igreja-estado-com-arte\/\" class=\"post-title\">&#8220;Exposi\u00e7\u00e3o Bem-aventuran\u00e7as de Fran\u00e7ois Rousseau na Torre da Igreja&#8221; &#8211; Estado Com Arte<\/a><\/h4><\/div><!-- .entry-title --><div class=\"post-excerpt\"><\/div><!-- .post-excerpt --><div class=\"bottom-meta clearfix\"><ul class=\"nav bottom-meta-list meta-left\"><li><div class=\"post-more\"><a class=\"read-more\" href=\"https:\/\/igrejadocastelo.pt\/en\/exposicao-bem-aventurancas-de-francois-rousseau-na-torre-da-igreja-estado-com-arte\/\">Read more<\/a><\/div><\/li><\/ul><\/div><\/div><!-- .blog-inner --><\/div><!-- .col \/ .owl-carousel-item \/ .isotope --><div class=\"owl-carousel-item\"><div class=\"blog-inner\"><div class=\"post-thumb\"><img decoding=\"async\" height=\"600\" width=\"768\" class=\"img-fluid\" alt=\"&#8220;Fotos de favelas do Rio recriam os Ap\u00f3stolos e chegam \u00e0 igreja em Lisboa&#8221; &#8211; P\u00fablico\" src=\"https:\/\/igrejadocastelo.pt\/wp-content\/uploads\/2025\/06\/amor-causa-publico.jpg\"\/><\/div><!-- .post-thumb --><div class=\"top-meta clearfix\"><ul class=\"nav top-meta-list meta-left\"><li><div class=\"post-date\"><a href=\"https:\/\/igrejadocastelo.pt\/en\/2025\/05\/31\/\" ><i class=\"ti-calendar\"><\/i> 31\/05\/2025<\/a><\/div><\/li><\/ul><\/div><div class=\"entry-title\"><h4 class=\"post-title-head\"><a href=\"https:\/\/igrejadocastelo.pt\/en\/fotos-de-favelas-do-rio-recriam-os-apostolos-e-chegam-a-igreja-em-lisboa-publico\/\" class=\"post-title\">&#8220;Fotos de favelas do Rio recriam os Ap\u00f3stolos e chegam \u00e0 igreja em Lisboa&#8221; &#8211; P\u00fablico<\/a><\/h4><\/div><!-- .entry-title --><div class=\"post-excerpt\"><\/div><!-- .post-excerpt --><div class=\"bottom-meta clearfix\"><ul class=\"nav bottom-meta-list meta-left\"><li><div class=\"post-more\"><a class=\"read-more\" href=\"https:\/\/igrejadocastelo.pt\/en\/fotos-de-favelas-do-rio-recriam-os-apostolos-e-chegam-a-igreja-em-lisboa-publico\/\">Read more<\/a><\/div><\/li><\/ul><\/div><\/div><!-- .blog-inner --><\/div><!-- .col \/ .owl-carousel-item \/ .isotope --><\/div><!-- .owl-carousel -->\t\t\t\r\n\t\t<\/div>\r\n\t\t\t\t<\/div>\n\t\t\t\t\t<\/div>\n\t\t<\/div>\n\t\t\t\t\t<\/div>\n\t\t<\/section>\n\t\t\t\t<section class=\"elementor-section elementor-top-section elementor-element elementor-element-51c87ab elementor-section-boxed elementor-section-height-default elementor-section-height-default\" data-id=\"51c87ab\" data-element_type=\"section\" data-e-type=\"section\" data-settings=\"{&quot;background_background&quot;:&quot;classic&quot;}\">\n\t\t\t\t\t\t\t<div class=\"elementor-background-overlay\"><\/div>\n\t\t\t\t\t\t\t<div class=\"elementor-container elementor-column-gap-default\">\n\t\t\t\t\t<div class=\"elementor-column elementor-col-100 elementor-top-column elementor-element elementor-element-329621b\" data-id=\"329621b\" data-element_type=\"column\" data-e-type=\"column\">\n\t\t\t<div class=\"elementor-widget-wrap elementor-element-populated\">\n\t\t\t\t\t\t<div class=\"elementor-element elementor-element-7d3f299 elementor-invisible elementor-widget elementor-widget-zegensectiontitle\" data-id=\"7d3f299\" data-element_type=\"widget\" data-e-type=\"widget\" data-settings=\"{&quot;_animation&quot;:&quot;fadeInUp&quot;}\" data-widget_type=\"zegensectiontitle.default\">\n\t\t\t\t<div class=\"elementor-widget-container\">\n\t\t\t\t\t<div class=\"section-title-wrapper custom-title-1 margin-bottom-0 text-center\"><div class=\"title-wrap\"><span class=\"sub-title\">PARTNERS<\/span><h2 class=\"section-title\">Our partners<\/h2><\/div><!-- .title-wrap --><div class=\"section-description\"><\/div><!-- .section-description --><\/div><!-- .section-title-wrapper -->\t\t\t\t<\/div>\n\t\t\t\t<\/div>\n\t\t<div class=\"elementor-element elementor-element-b9f5b5b e-grid e-con-full e-con e-parent\" data-id=\"b9f5b5b\" data-element_type=\"container\" data-e-type=\"container\">\n\t\t\t\t<div class=\"elementor-element elementor-element-d2a605c elementor-widget elementor-widget-image\" data-id=\"d2a605c\" data-element_type=\"widget\" data-e-type=\"widget\" data-widget_type=\"image.default\">\n\t\t\t\t<div class=\"elementor-widget-container\">\n\t\t\t\t\t\t\t\t\t\t\t\t\t\t\t\t<a href=\"https:\/\/www.visitlisboa.com\/pt-pt\" target=\"_blank\">\n\t\t\t\t\t\t\t<img loading=\"lazy\" decoding=\"async\" width=\"300\" height=\"300\" src=\"https:\/\/igrejadocastelo.pt\/wp-content\/uploads\/2024\/05\/lisboa-turismo-300x300.png\" class=\"attachment-woocommerce_thumbnail size-woocommerce_thumbnail wp-image-21723\" alt=\"\" srcset=\"https:\/\/igrejadocastelo.pt\/wp-content\/uploads\/2024\/05\/lisboa-turismo-300x300.png 300w, https:\/\/igrejadocastelo.pt\/wp-content\/uploads\/2024\/05\/lisboa-turismo-80x80.png 80w, https:\/\/igrejadocastelo.pt\/wp-content\/uploads\/2024\/05\/lisboa-turismo-100x100.png 100w\" sizes=\"(max-width: 300px) 100vw, 300px\" \/>\t\t\t\t\t\t\t\t<\/a>\n\t\t\t\t\t\t\t\t\t\t\t\t\t\t\t<\/div>\n\t\t\t\t<\/div>\n\t\t\t\t<div class=\"elementor-element elementor-element-b0bcb89 elementor-widget elementor-widget-image\" data-id=\"b0bcb89\" data-element_type=\"widget\" data-e-type=\"widget\" data-widget_type=\"image.default\">\n\t\t\t\t<div class=\"elementor-widget-container\">\n\t\t\t\t\t\t\t\t\t\t\t\t\t\t\t\t<a href=\"https:\/\/www.lisboacard.org\/pt\/\" target=\"_blank\">\n\t\t\t\t\t\t\t<img loading=\"lazy\" decoding=\"async\" width=\"300\" height=\"300\" src=\"https:\/\/igrejadocastelo.pt\/wp-content\/uploads\/2024\/05\/lisboa-card-1.png\" class=\"attachment-woocommerce_thumbnail size-woocommerce_thumbnail wp-image-21730\" alt=\"\" srcset=\"https:\/\/igrejadocastelo.pt\/wp-content\/uploads\/2024\/05\/lisboa-card-1.png 300w, https:\/\/igrejadocastelo.pt\/wp-content\/uploads\/2024\/05\/lisboa-card-1-80x80.png 80w, https:\/\/igrejadocastelo.pt\/wp-content\/uploads\/2024\/05\/lisboa-card-1-100x100.png 100w\" sizes=\"(max-width: 300px) 100vw, 300px\" \/>\t\t\t\t\t\t\t\t<\/a>\n\t\t\t\t\t\t\t\t\t\t\t\t\t\t\t<\/div>\n\t\t\t\t<\/div>\n\t\t\t\t<\/div>\n\t\t\t\t\t<\/div>\n\t\t<\/div>\n\t\t\t\t\t<\/div>\n\t\t<\/section>\n\t\t\t\t<section class=\"elementor-section elementor-top-section elementor-element elementor-element-6935a80 elementor-section-boxed elementor-section-height-default elementor-section-height-default\" data-id=\"6935a80\" data-element_type=\"section\" data-e-type=\"section\" data-settings=\"{&quot;background_background&quot;:&quot;classic&quot;}\">\n\t\t\t\t\t\t\t<div class=\"elementor-background-overlay\"><\/div>\n\t\t\t\t\t\t\t<div class=\"elementor-container elementor-column-gap-default\">\n\t\t\t\t\t<div class=\"elementor-column elementor-col-100 elementor-top-column elementor-element elementor-element-ef48faa\" data-id=\"ef48faa\" data-element_type=\"column\" data-e-type=\"column\">\n\t\t\t<div class=\"elementor-widget-wrap elementor-element-populated\">\n\t\t\t\t\t\t<div class=\"elementor-element elementor-element-a2fcba7 elementor-invisible elementor-widget elementor-widget-zegensectiontitle\" data-id=\"a2fcba7\" data-element_type=\"widget\" data-e-type=\"widget\" data-settings=\"{&quot;_animation&quot;:&quot;fadeInUp&quot;}\" data-widget_type=\"zegensectiontitle.default\">\n\t\t\t\t<div class=\"elementor-widget-container\">\n\t\t\t\t\t<div class=\"section-title-wrapper custom-title-1 margin-bottom-0 text-center\"><div class=\"title-wrap\"><span class=\"sub-title\">AWARDS<\/span><h2 class=\"section-title\">Travellers' Choice<\/h2><\/div><!-- .title-wrap --><div class=\"section-description\"><\/div><!-- .section-description --><\/div><!-- .section-title-wrapper -->\t\t\t\t<\/div>\n\t\t\t\t<\/div>\n\t\t<div class=\"elementor-element elementor-element-ba6cc6f e-flex e-con-boxed e-con e-parent\" data-id=\"ba6cc6f\" data-element_type=\"container\" data-e-type=\"container\">\n\t\t\t\t\t<div class=\"e-con-inner\">\n\t\t\t\t<div class=\"elementor-element elementor-element-03e9474 elementor-widget elementor-widget-shortcode\" data-id=\"03e9474\" data-element_type=\"widget\" data-e-type=\"widget\" data-widget_type=\"shortcode.default\">\n\t\t\t\t<div class=\"elementor-widget-container\">\n\t\t\t\t\t\t\t<div class=\"elementor-shortcode\"><div id=\"TA_certificateOfExcellence355\" class=\"TA_certificateOfExcellence\"><ul id=\"1qgtDhC\" class=\"TA_links Mbb5BD1saj6Q\"><li id=\"Xc0xWtCtg2ll\" class=\"dLNyCP1Ebj2p\"><a target=\"_blank\" href=\"https:\/\/www.tripadvisor.pt\/Attraction_Review-g189158-d14994720-Reviews-Torre_Da_Igreja_Do_Castelo_de_Sao_Jorge-Lisbon_Lisbon_District_Central_Portugal.html\"><img decoding=\"async\" src=\"https:\/\/static.tacdn.com\/img2\/travelers_choice\/widgets\/tchotel_2024_LL.png\" alt=\"TripAdvisor\" class=\"widCOEImg\" id=\"CDSWIDCOELOGO\"\/><\/a><\/li><\/ul><\/div><script async src=\"https:\/\/www.jscache.com\/wejs?wtype=certificateOfExcellence&amp;uniq=355&amp;locationId=14994720&amp;lang=pt_PT&amp;year=2024&amp;display_version=2\" data-loadtrk onload=\"this.loadtrk=true\"><\/script><\/div>\n\t\t\t\t\t\t<\/div>\n\t\t\t\t<\/div>\n\t\t\t\t\t<\/div>\n\t\t\t\t<\/div>\n\t\t\t\t<div class=\"elementor-element elementor-element-6c78d0d elementor-hidden-mobile elementor-widget elementor-widget-spacer\" data-id=\"6c78d0d\" data-element_type=\"widget\" data-e-type=\"widget\" data-widget_type=\"spacer.default\">\n\t\t\t\t<div class=\"elementor-widget-container\">\n\t\t\t\t\t\t\t<div class=\"elementor-spacer\">\n\t\t\t<div class=\"elementor-spacer-inner\"><\/div>\n\t\t<\/div>\n\t\t\t\t\t\t<\/div>\n\t\t\t\t<\/div>\n\t\t\t\t\t<\/div>\n\t\t<\/div>\n\t\t\t\t\t<\/div>\n\t\t<\/section>\n\t\t\t\t<\/div>","protected":false},"excerpt":{"rendered":"","protected":false},"author":1,"featured_media":0,"parent":0,"menu_order":0,"comment_status":"closed","ping_status":"closed","template":"","meta":{"footnotes":""},"class_list":["post-21","page","type-page","status-publish","hentry"],"_links":{"self":[{"href":"https:\/\/igrejadocastelo.pt\/en\/wp-json\/wp\/v2\/pages\/21","targetHints":{"allow":["GET"]}}],"collection":[{"href":"https:\/\/igrejadocastelo.pt\/en\/wp-json\/wp\/v2\/pages"}],"about":[{"href":"https:\/\/igrejadocastelo.pt\/en\/wp-json\/wp\/v2\/types\/page"}],"author":[{"embeddable":true,"href":"https:\/\/igrejadocastelo.pt\/en\/wp-json\/wp\/v2\/users\/1"}],"replies":[{"embeddable":true,"href":"https:\/\/igrejadocastelo.pt\/en\/wp-json\/wp\/v2\/comments?post=21"}],"version-history":[{"count":76,"href":"https:\/\/igrejadocastelo.pt\/en\/wp-json\/wp\/v2\/pages\/21\/revisions"}],"predecessor-version":[{"id":22331,"href":"https:\/\/igrejadocastelo.pt\/en\/wp-json\/wp\/v2\/pages\/21\/revisions\/22331"}],"wp:attachment":[{"href":"https:\/\/igrejadocastelo.pt\/en\/wp-json\/wp\/v2\/media?parent=21"}],"curies":[{"name":"wp","href":"https:\/\/api.w.org\/{rel}","templated":true}]}}